{"id":1089,"date":"2023-03-14T13:46:27","date_gmt":"2023-03-14T13:46:27","guid":{"rendered":"http:\/\/memoria.femz.es\/?page_id=1089"},"modified":"2023-03-17T13:02:07","modified_gmt":"2023-03-17T13:02:07","slug":"2022-rse","status":"publish","type":"page","link":"https:\/\/memoria.femz.es\/index.php\/2022-rse\/","title":{"rendered":"2022 RSE"},"content":{"rendered":"<p>[vc_row css_animation=\u00bb\u00bb row_type=\u00bbrow\u00bb use_row_as_full_screen_section=\u00bbno\u00bb type=\u00bbfull_width\u00bb angled_section=\u00bbno\u00bb text_align=\u00bbcenter\u00bb background_image_as_pattern=\u00bbwithout_pattern\u00bb z_index=\u00bb\u00bb][vc_column width=\u00bb1\/6&#8243;][vc_empty_space height=\u00bb15&#8243;][vc_single_image image=\u00bb755&#8243; img_size=\u00bb\u00bb onclick=\u00bbcustom_link\u00bb qode_css_animation=\u00bb\u00bb link=\u00bbhttps:\/\/memoria.femz.es\/index.php\/2022-2\/\u00bb][\/vc_column][vc_column width=\u00bb1\/6&#8243;][vc_empty_space height=\u00bb30&#8243;]<div class=\"custom_font_holder\" style=\" font-size: 25px; line-height: 26px; font-style: normal; font-weight: 500; color: #000000; text-decoration: none; text-shadow: 1px 1px 2px rgba(0, 0, 0, 0.4); background-color: rgba(211,3,3,0.47);border: 1px solid #000000; text-align: center;\">\n<p><a href=\"https:\/\/memoria.femz.es\/index.php\/2023-quienes-somos\/\">QUI\u00c9NES SOMOS<\/a><\/p>\n<\/div>[\/vc_column][vc_column width=\u00bb1\/6&#8243;][vc_empty_space height=\u00bb30&#8243;]<div class=\"custom_font_holder\" style=\" font-size: 25px; line-height: 26px; font-style: normal; font-weight: 500; color: #000000; text-decoration: none; text-shadow: 1px 1px 2px rgba(0, 0, 0, 0.4); background-color: rgba(211,3,3,0.47);border: 1px solid #000000; text-align: center;\">\n<p><a href=\"https:\/\/memoria.femz.es\/index.php\/2022-actividades\/\">ACTIVIDADES<\/a><\/p>\n<\/div>[\/vc_column][vc_column width=\u00bb1\/6&#8243;][vc_empty_space height=\u00bb30&#8243;]<div class=\"custom_font_holder\" style=\" font-size: 25px; line-height: 26px; font-style: normal; font-weight: 500; color: #000000; text-decoration: none; text-shadow: 1px 1px 2px rgba(0, 0, 0, 0.4); background-color: rgba(211,3,3,0.47);border: 1px solid #000000; text-align: center;\">\n<p><a href=\"https:\/\/memoria.femz.es\/index.php\/2022-rse\/\">RSE<\/a><\/p>\n<\/div>[\/vc_column][vc_column width=\u00bb1\/6&#8243;][vc_empty_space height=\u00bb30&#8243;]<div class=\"custom_font_holder\" style=\" font-size: 25px; line-height: 26px; font-style: normal; font-weight: 500; color: #000000; text-decoration: none; text-shadow: 1px 1px 2px rgba(0, 0, 0, 0.4); background-color: rgba(211,3,3,0.47);border: 1px solid #000000; text-align: center;\">\n<p><a href=\"https:\/\/memoria.femz.es\/index.php\/2022-servicios\/\">SERVICIOS<\/a><\/p>\n<\/div>[\/vc_column][vc_column width=\u00bb1\/6&#8243;][vc_empty_space height=\u00bb30&#8243;]<div class=\"custom_font_holder\" style=\" font-size: 25px; line-height: 26px; font-style: normal; font-weight: 500; color: #000000; text-decoration: none; text-shadow: 1px 1px 2px rgba(0, 0, 0, 0.4); background-color: rgba(211,3,3,0.47);border: 1px solid #000000; text-align: center;\">\n<p><a href=\"https:\/\/memoria.femz.es\/index.php\/2022-asociados\/\">ASOCIADOS<\/a><\/p>\n<\/div>[\/vc_column][\/vc_row][vc_row css_animation=\u00bb\u00bb row_type=\u00bbrow\u00bb use_row_as_full_screen_section=\u00bbno\u00bb type=\u00bbfull_width\u00bb angled_section=\u00bbno\u00bb text_align=\u00bbleft\u00bb background_image_as_pattern=\u00bbwithout_pattern\u00bb][vc_column][vc_empty_space][\/vc_column][\/vc_row][vc_row css_animation=\u00bb\u00bb row_type=\u00bbrow\u00bb use_row_as_full_screen_section=\u00bbno\u00bb type=\u00bbfull_width\u00bb angled_section=\u00bbno\u00bb text_align=\u00bbleft\u00bb background_image_as_pattern=\u00bbwithout_pattern\u00bb][vc_column]<div class=\"q_image_with_text_over\"><div class=\"shader\" ><\/div><img decoding=\"async\" itemprop=\"image\" src=\"https:\/\/memoria.femz.es\/wp-content\/uploads\/2023\/03\/2022rse_slider.jpg\" alt=\"Responsabilidad Social Empresarial\" \/><div class=\"text\"><table><tr><td><h3 class=\"caption no_icon\" style=\"font-size: 50px;\">Responsabilidad Social Empresarial<\/h3><\/td><\/tr><\/table><table><tr><td><div class=\"desc\"><\/div><\/td><\/tr><\/table><\/div><\/div>[\/vc_column][\/vc_row][vc_row css_animation=\u00bb\u00bb row_type=\u00bbrow\u00bb use_row_as_full_screen_section=\u00bbno\u00bb type=\u00bbfull_width\u00bb angled_section=\u00bbno\u00bb text_align=\u00bbleft\u00bb background_image_as_pattern=\u00bbwithout_pattern\u00bb][vc_column][vc_empty_space height=\u00bb64&#8243;][\/vc_column][\/vc_row][vc_row css_animation=\u00bb\u00bb row_type=\u00bbrow\u00bb use_row_as_full_screen_section=\u00bbno\u00bb type=\u00bbgrid\u00bb angled_section=\u00bbno\u00bb text_align=\u00bbcenter\u00bb background_image_as_pattern=\u00bbwithout_pattern\u00bb z_index=\u00bb\u00bb][vc_column width=\u00bb1\/2&#8243;][vc_column_text]<\/p>\n<p>El Gobierno de Arag\u00f3n, conjuntamente con CEOE Arag\u00f3n, CEPYME Arag\u00f3n, UGT y CC.OO, tienen en marcha el Plan de Responsabilidad Social de Arag\u00f3n, con el objetivo de que las empresas y los aut\u00f3nomos aragoneses fortalezcan su compromiso con la Responsabilidad Social gracias a su enfoque estrat\u00e9gico sobre las pol\u00edticas, productos, servicios y acciones que generan un impacto social m\u00e1s sostenible y relevante.<\/p>\n<p>&nbsp;<\/p>\n<p>FEMZ se enorgullece de haber renovado en 2022 el Sello RSA+ obtenido en 2021, asimismo FEMZ que la reconoce como Entidad Socialmente Responsable y en virtud del mismo se compromete a aplicar de forma voluntaria en su gesti\u00f3n, en su estrategia, y en sus pol\u00edticas y procedimientos, los valores y c\u00f3digos \u00e9ticos de las preocupaciones sociales, laborales, medioambientales y de respeto a los derechos humanos que surgen de la relaci\u00f3n y el di\u00e1logo transparente con sus grupos de inter\u00e9s, responsabiliz\u00e1ndose as\u00ed de las consecuencias y los impactos que derivan de sus acciones.<\/p>\n<p>[\/vc_column_text][\/vc_column][vc_column width=\u00bb1\/2&#8243;][vc_single_image image=\u00bb1225&#8243; img_size=\u00bb400&#215;400&#8243; alignment=\u00bbcenter\u00bb qode_css_animation=\u00bb\u00bb][\/vc_column][\/vc_row][vc_row css_animation=\u00bb\u00bb row_type=\u00bbrow\u00bb use_row_as_full_screen_section=\u00bbno\u00bb type=\u00bbfull_width\u00bb angled_section=\u00bbno\u00bb text_align=\u00bbleft\u00bb background_image_as_pattern=\u00bbwithout_pattern\u00bb][vc_column][vc_empty_space height=\u00bb80&#8243;][\/vc_column][\/vc_row][vc_row css_animation=\u00bb\u00bb row_type=\u00bbrow\u00bb use_row_as_full_screen_section=\u00bbno\u00bb type=\u00bbgrid\u00bb angled_section=\u00bbno\u00bb text_align=\u00bbcenter\u00bb background_image_as_pattern=\u00bbwithout_pattern\u00bb z_index=\u00bb\u00bb][vc_column width=\u00bb1\/2&#8243;][vc_single_image image=\u00bb821&#8243; img_size=\u00bb400&#215;400&#8243; alignment=\u00bbcenter\u00bb qode_css_animation=\u00bb\u00bb][\/vc_column][vc_column width=\u00bb1\/2&#8243;][vc_column_text]<\/p>\n<p>FEMZ es Socio Signatory del Pacto Mundial y participa\u00a0activamente para avanzar en sostenibilidad. Asimismo, apoya la Agenda 2030 y los 17 Objetivos de Desarrollo Sostenible.<\/p>\n<p>&nbsp;<\/p>\n<p>Los ODS \u00a0no pueden quedar sobre papel. Las\u00a0empresas, claves para el desarrollo econ\u00f3mico, han de ser parte activa en la interiorizaci\u00f3n y consecuci\u00f3n de los mismos, por eso la Federaci\u00f3n de Empresarios del Metal de Zaragoza considera fundamental impulsar la Agenda 2030.<\/p>\n<p>&nbsp;<\/p>\n<p>Las empresas del futuro ser\u00e1n valoradas no tan solo por su \u00e9xito empresarial, sino por su contribuci\u00f3n inequ\u00edvoca a un mundo sostenible y\u00a0 los\u00a0ODS\u00a0marcan el camino a seguir.<\/p>\n<p>&nbsp;<\/p>\n<p>En este sentido FEMZ mantiene su compromiso habiendo publicado en 2022 el informe de progreso correspondiente a los dos ejercicios anteriores y ha renovado su participaci\u00f3n como socios del Pacto Mundial.<\/p>\n<p>[\/vc_column_text][\/vc_column][\/vc_row][vc_row css_animation=\u00bb\u00bb row_type=\u00bbrow\u00bb use_row_as_full_screen_section=\u00bbno\u00bb type=\u00bbfull_width\u00bb angled_section=\u00bbno\u00bb text_align=\u00bbleft\u00bb background_image_as_pattern=\u00bbwithout_pattern\u00bb][vc_column][vc_empty_space height=\u00bb64&#8243;][\/vc_column][\/vc_row][vc_row css_animation=\u00bb\u00bb row_type=\u00bbrow\u00bb use_row_as_full_screen_section=\u00bbno\u00bb type=\u00bbgrid\u00bb angled_section=\u00bbno\u00bb text_align=\u00bbleft\u00bb background_image_as_pattern=\u00bbwithout_pattern\u00bb z_index=\u00bb\u00bb][vc_column]<div class=\"custom_font_holder\" style=\" font-size: 20px; line-height: 26px; font-style: normal; font-weight: 300; color: #ffffff; text-decoration: none; text-shadow: 1px 1px 2px rgba(0, 0, 0, 0.4); background-color: #d30303; text-align: center;\">\n<p>ACCIONES SOLIDARIAS<\/p>\n<\/div>[vc_empty_space height=\u00bb64&#8243;][\/vc_column][\/vc_row][vc_row css_animation=\u00bb\u00bb row_type=\u00bbrow\u00bb use_row_as_full_screen_section=\u00bbno\u00bb type=\u00bbgrid\u00bb angled_section=\u00bbno\u00bb text_align=\u00bbleft\u00bb background_image_as_pattern=\u00bbwithout_pattern\u00bb z_index=\u00bb\u00bb][vc_column width=\u00bb1\/2&#8243;]<div class=\"qode-image-with-icon-and-text\">\n    <div class=\"qode-iwiat-image-icon-holder\" >\n\t\t\t\t\t<div class=\"qode-iwiat-image\">\n\t\t\t\t<img decoding=\"async\" src=\"https:\/\/memoria.femz.es\/wp-content\/uploads\/2023\/03\/IMG_20220204_100714.jpg\" alt=\"\" \/>\n\t\t\t<\/div>\n\t\t\t\t<div class=\"qode-iwiat-icon-holder\">\n                            <span class=\"qode-icon-holder qode-icon-circle qode-icon-small\"  >\n                    <i class=\"qode_icon_font_awesome fa fa-smile-o qode-icon-element\" ><\/i>                <\/span>\n            \t\t<\/div>\n\t<\/div>\n\t\t\t<h3 class=\"qode-iwiat-title\">\n\t\t\tLa compra de tu vida\t\t<\/h3>\n\t\t\t\t<p class=\"qode-iwiat-text\">\n\t\t\tFEMZ ha colaborado con la Asociaci\u00f3n Espa\u00f1ola Contra el C\u00e1ncer (AECC) con la campa\u00f1a &#039;La compra de tu vida&#039;, una iniciativa a favor de la investigaci\u00f3n y apoyo a las personas con c\u00e1ncer con una hucha colocada junto a la m\u00e1quina de caf\u00e9 de las instalaciones.\t\t<\/p>\n\t<\/div>[\/vc_column][vc_column width=\u00bb1\/2&#8243;]<div class=\"qode-image-with-icon-and-text\">\n    <div class=\"qode-iwiat-image-icon-holder\" >\n\t\t\t\t\t<div class=\"qode-iwiat-image\">\n\t\t\t\t<img decoding=\"async\" src=\"https:\/\/memoria.femz.es\/wp-content\/uploads\/2023\/03\/padel_solidar-1024x1024.png\" alt=\"\" \/>\n\t\t\t<\/div>\n\t\t\t\t<div class=\"qode-iwiat-icon-holder\">\n                            <span class=\"qode-icon-holder qode-icon-circle qode-icon-small\"  >\n                    <i class=\"qode_icon_font_awesome fa fa-smile-o qode-icon-element\" ><\/i>                <\/span>\n            \t\t<\/div>\n\t<\/div>\n\t\t\t<h3 class=\"qode-iwiat-title\">\n\t\t\tTorneo P\u00e1del Solidar\t\t<\/h3>\n\t\t\t\t<p class=\"qode-iwiat-text\">\n\t\t\tFEMZ ha participado en el III Torneo de P\u00e1del Solidar de la Asociaci\u00f3n de Empresarios Solidarios de Arag\u00f3n.\t\t<\/p>\n\t<\/div>[\/vc_column][\/vc_row][vc_row css_animation=\u00bb\u00bb row_type=\u00bbrow\u00bb use_row_as_full_screen_section=\u00bbno\u00bb type=\u00bbfull_width\u00bb angled_section=\u00bbno\u00bb text_align=\u00bbleft\u00bb background_image_as_pattern=\u00bbwithout_pattern\u00bb][vc_column][vc_empty_space height=\u00bb32&#8243;][\/vc_column][\/vc_row][vc_row css_animation=\u00bb\u00bb row_type=\u00bbrow\u00bb use_row_as_full_screen_section=\u00bbno\u00bb type=\u00bbgrid\u00bb angled_section=\u00bbno\u00bb text_align=\u00bbleft\u00bb background_image_as_pattern=\u00bbwithout_pattern\u00bb z_index=\u00bb\u00bb][vc_column width=\u00bb1\/2&#8243;]<div class=\"qode-image-with-icon-and-text\">\n    <div class=\"qode-iwiat-image-icon-holder\" >\n\t\t\t\t\t<div class=\"qode-iwiat-image\">\n\t\t\t\t<img decoding=\"async\" src=\"https:\/\/memoria.femz.es\/wp-content\/uploads\/2023\/03\/2022_marchaAECC.jpg\" alt=\"\" \/>\n\t\t\t<\/div>\n\t\t\t\t<div class=\"qode-iwiat-icon-holder\">\n                            <span class=\"qode-icon-holder qode-icon-circle qode-icon-small\"  >\n                    <i class=\"qode_icon_font_awesome fa fa-smile-o qode-icon-element\" ><\/i>                <\/span>\n            \t\t<\/div>\n\t<\/div>\n\t\t\t<h3 class=\"qode-iwiat-title\">\n\t\t\tEn marcha contra el c\u00e1ncer\t\t<\/h3>\n\t\t\t\t<p class=\"qode-iwiat-text\">\n\t\t\tLa plantilla de FEMZ ha participado en la carrera &#039;En marcha contra el c\u00e1ncer&#039; que ha organizado AECC en Zaragoza y cuya recaudaci\u00f3n se destina a los pacientes oncol\u00f3gicos y a sus familias.\t\t<\/p>\n\t<\/div>[\/vc_column][vc_column width=\u00bb1\/2&#8243;]<div class=\"qode-image-with-icon-and-text\">\n    <div class=\"qode-iwiat-image-icon-holder\" >\n\t\t\t\t\t<div class=\"qode-iwiat-image\">\n\t\t\t\t<img decoding=\"async\" src=\"https:\/\/memoria.femz.es\/wp-content\/uploads\/2023\/03\/firma-femz-1.jpg\" alt=\"\" \/>\n\t\t\t<\/div>\n\t\t\t\t<div class=\"qode-iwiat-icon-holder\">\n                            <span class=\"qode-icon-holder qode-icon-circle qode-icon-small\"  >\n                    <i class=\"qode_icon_font_awesome fa fa-smile-o qode-icon-element\" ><\/i>                <\/span>\n            \t\t<\/div>\n\t<\/div>\n\t\t\t<h3 class=\"qode-iwiat-title\">\n\t\t\tConvenio colaboraci\u00f3n con AECC Zaragoza\t\t<\/h3>\n\t\t\t\t<p class=\"qode-iwiat-text\">\n\t\t\tFEMZ ha firmado un convenio de colaboraci\u00f3n con la Asociaci\u00f3n Espa\u00f1ola Contra el C\u00e1ncer (AECC) para promover h\u00e1bitos de vida saludables entre las empresas del sector del Metal de Zaragoza que facilitan la prevenci\u00f3n y detecci\u00f3n precoz del c\u00e1ncer.\t\t<\/p>\n\t<\/div>[\/vc_column][\/vc_row][vc_row css_animation=\u00bb\u00bb row_type=\u00bbrow\u00bb use_row_as_full_screen_section=\u00bbno\u00bb type=\u00bbfull_width\u00bb angled_section=\u00bbno\u00bb text_align=\u00bbleft\u00bb background_image_as_pattern=\u00bbwithout_pattern\u00bb][vc_column][vc_empty_space height=\u00bb32&#8243;][\/vc_column][\/vc_row][vc_row css_animation=\u00bb\u00bb row_type=\u00bbrow\u00bb use_row_as_full_screen_section=\u00bbno\u00bb type=\u00bbgrid\u00bb angled_section=\u00bbno\u00bb text_align=\u00bbleft\u00bb background_image_as_pattern=\u00bbwithout_pattern\u00bb z_index=\u00bb\u00bb][vc_column width=\u00bb1\/2&#8243;]<div class=\"qode-image-with-icon-and-text\">\n    <div class=\"qode-iwiat-image-icon-holder\" >\n\t\t\t\t\t<div class=\"qode-iwiat-image\">\n\t\t\t\t<img decoding=\"async\" src=\"https:\/\/memoria.femz.es\/wp-content\/uploads\/2023\/03\/FEMZ.jpg\" alt=\"\" \/>\n\t\t\t<\/div>\n\t\t\t\t<div class=\"qode-iwiat-icon-holder\">\n                            <span class=\"qode-icon-holder qode-icon-circle qode-icon-small\"  >\n                    <i class=\"qode_icon_font_awesome fa fa-smile-o qode-icon-element\" ><\/i>                <\/span>\n            \t\t<\/div>\n\t<\/div>\n\t\t\t<h3 class=\"qode-iwiat-title\">\n\t\t\tCampa\u00f1a El rosa es m\u00e1s que un color\t\t<\/h3>\n\t\t\t\t<p class=\"qode-iwiat-text\">\n\t\t\tFEMZ ha colaborado en la campa\u00f1a &#039;El rosa es m\u00e1s que un color&#039; de la Asociaci\u00f3n Espa\u00f1ola Contra el C\u00e1ncer en apoyo a las mujeres con c\u00e1ncer de mama Con motivo del D\u00eda Mundial del C\u00e1ncer de Mama.&lt;\/p&gt;\n&lt;p&gt;Asimismo, se ha hecho entrega a la plantilla de la entidad un lazo de color rosa en conmemoraci\u00f3n de este d\u00eda.\t\t<\/p>\n\t<\/div>[\/vc_column][vc_column width=\u00bb1\/2&#8243;]<div class=\"qode-image-with-icon-and-text\">\n    <div class=\"qode-iwiat-image-icon-holder\" >\n\t\t\t\t\t<div class=\"qode-iwiat-image\">\n\t\t\t\t<img decoding=\"async\" src=\"https:\/\/memoria.femz.es\/wp-content\/uploads\/2023\/03\/WhatsApp-Image-2022-10-17-at-10.41.17-1.jpeg\" alt=\"\" \/>\n\t\t\t<\/div>\n\t\t\t\t<div class=\"qode-iwiat-icon-holder\">\n                            <span class=\"qode-icon-holder qode-icon-circle qode-icon-small\"  >\n                    <i class=\"qode_icon_font_awesome fa fa-smile-o qode-icon-element\" ><\/i>                <\/span>\n            \t\t<\/div>\n\t<\/div>\n\t\t\t<h3 class=\"qode-iwiat-title\">\n\t\t\tMercado del 13\t\t<\/h3>\n\t\t\t\t<p class=\"qode-iwiat-text\">\n\t\t\tLa plantilla de FEMZ ha participado en el Mercado del 13, una iniciativa que nace para visibilizar y apoyar la investigaci\u00f3n de las Enfermedades Raras (ER) por medio del Arte y el Consumo Responsable.\t\t<\/p>\n\t<\/div>[\/vc_column][\/vc_row][vc_row css_animation=\u00bb\u00bb row_type=\u00bbrow\u00bb use_row_as_full_screen_section=\u00bbno\u00bb type=\u00bbfull_width\u00bb angled_section=\u00bbno\u00bb text_align=\u00bbleft\u00bb background_image_as_pattern=\u00bbwithout_pattern\u00bb][vc_column][vc_empty_space height=\u00bb32&#8243;][\/vc_column][\/vc_row][vc_row css_animation=\u00bb\u00bb row_type=\u00bbrow\u00bb use_row_as_full_screen_section=\u00bbno\u00bb type=\u00bbgrid\u00bb angled_section=\u00bbno\u00bb text_align=\u00bbleft\u00bb background_image_as_pattern=\u00bbwithout_pattern\u00bb z_index=\u00bb\u00bb][vc_column width=\u00bb1\/2&#8243;]<div class=\"qode-image-with-icon-and-text\">\n    <div class=\"qode-iwiat-image-icon-holder\" >\n\t\t\t\t\t<div class=\"qode-iwiat-image\">\n\t\t\t\t<img decoding=\"async\" src=\"https:\/\/memoria.femz.es\/wp-content\/uploads\/2023\/03\/IMG_20221115_195849.jpg\" alt=\"\" \/>\n\t\t\t<\/div>\n\t\t\t\t<div class=\"qode-iwiat-icon-holder\">\n                            <span class=\"qode-icon-holder qode-icon-circle qode-icon-small\"  >\n                    <i class=\"qode_icon_font_awesome fa fa-smile-o qode-icon-element\" ><\/i>                <\/span>\n            \t\t<\/div>\n\t<\/div>\n\t\t\t<h3 class=\"qode-iwiat-title\">\n\t\t\tCertificado Solidar\t\t<\/h3>\n\t\t\t\t<p class=\"qode-iwiat-text\">\n\t\t\tFEMZ ha conseguido el &#039;Certificado Solidar&#039; que entrega la Asociaci\u00f3n de Empresarios Solidarios de Arag\u00f3n, Solidar y que reconoce a empresas e instituciones que han mostrado solidaridad con personas con discapacidad.\t\t<\/p>\n\t<\/div>[\/vc_column][vc_column width=\u00bb1\/2&#8243;]<div class=\"qode-image-with-icon-and-text\">\n    <div class=\"qode-iwiat-image-icon-holder\" >\n\t\t\t\t\t<div class=\"qode-iwiat-image\">\n\t\t\t\t<img decoding=\"async\" src=\"https:\/\/memoria.femz.es\/wp-content\/uploads\/2023\/03\/unyayounapostal22.jpg\" alt=\"\" \/>\n\t\t\t<\/div>\n\t\t\t\t<div class=\"qode-iwiat-icon-holder\">\n                            <span class=\"qode-icon-holder qode-icon-circle qode-icon-small\"  >\n                    <i class=\"qode_icon_font_awesome fa fa-smile-o qode-icon-element\" ><\/i>                <\/span>\n            \t\t<\/div>\n\t<\/div>\n\t\t\t<h3 class=\"qode-iwiat-title\">\n\t\t\tUn yayo, una postal\t\t<\/h3>\n\t\t\t\t<p class=\"qode-iwiat-text\">\n\t\t\tLa plantilla de FEMZ ha participado en la iniciativa \u201cUn yayo, una postal\u201d y ha realizado postales navide\u00f1as que se entregan a las residencias de Arag\u00f3n.\t\t<\/p>\n\t<\/div>[\/vc_column][\/vc_row][vc_row css_animation=\u00bb\u00bb row_type=\u00bbrow\u00bb use_row_as_full_screen_section=\u00bbno\u00bb type=\u00bbfull_width\u00bb angled_section=\u00bbno\u00bb text_align=\u00bbleft\u00bb background_image_as_pattern=\u00bbwithout_pattern\u00bb][vc_column][vc_empty_space height=\u00bb64&#8243;][\/vc_column][\/vc_row]<\/p>\n","protected":false},"excerpt":{"rendered":"<p>[vc_row css_animation=\u00bb\u00bb row_type=\u00bbrow\u00bb use_row_as_full_screen_section=\u00bbno\u00bb type=\u00bbfull_width\u00bb angled_section=\u00bbno\u00bb text_align=\u00bbcenter\u00bb background_image_as_pattern=\u00bbwithout_pattern\u00bb z_index=\u00bb\u00bb][vc_column width=\u00bb1\/6&#8243;][vc_empty_space height=\u00bb15&#8243;][vc_single_image image=\u00bb755&#8243; img_size=\u00bb\u00bb onclick=\u00bbcustom_link\u00bb qode_css_animation=\u00bb\u00bb link=\u00bbhttps:\/\/memoria.femz.es\/index.php\/2022-2\/\u00bb][\/vc_column][vc_column width=\u00bb1\/6&#8243;][vc_empty_space height=\u00bb30&#8243;][\/vc_column][vc_column width=\u00bb1\/6&#8243;][vc_empty_space height=\u00bb30&#8243;][\/vc_column][vc_column width=\u00bb1\/6&#8243;][vc_empty_space height=\u00bb30&#8243;][\/vc_column][vc_column width=\u00bb1\/6&#8243;][vc_empty_space height=\u00bb30&#8243;][\/vc_column][vc_column width=\u00bb1\/6&#8243;][vc_empty_space height=\u00bb30&#8243;][\/vc_column][\/vc_row][vc_row css_animation=\u00bb\u00bb row_type=\u00bbrow\u00bb use_row_as_full_screen_section=\u00bbno\u00bb type=\u00bbfull_width\u00bb angled_section=\u00bbno\u00bb text_align=\u00bbleft\u00bb background_image_as_pattern=\u00bbwithout_pattern\u00bb][vc_column][vc_empty_space][\/vc_column][\/vc_row][vc_row css_animation=\u00bb\u00bb row_type=\u00bbrow\u00bb use_row_as_full_screen_section=\u00bbno\u00bb type=\u00bbfull_width\u00bb angled_section=\u00bbno\u00bb text_align=\u00bbleft\u00bb background_image_as_pattern=\u00bbwithout_pattern\u00bb][vc_column][\/vc_column][\/vc_row][vc_row css_animation=\u00bb\u00bb row_type=\u00bbrow\u00bb use_row_as_full_screen_section=\u00bbno\u00bb type=\u00bbfull_width\u00bb angled_section=\u00bbno\u00bb&#8230;<\/p>\n","protected":false},"author":2,"featured_media":0,"parent":0,"menu_order":0,"comment_status":"closed","ping_status":"closed","template":"landing_page.php","meta":{"footnotes":""},"class_list":["post-1089","page","type-page","status-publish","hentry"],"_links":{"self":[{"href":"https:\/\/memoria.femz.es\/index.php\/wp-json\/wp\/v2\/pages\/1089","targetHints":{"allow":["GET"]}}],"collection":[{"href":"https:\/\/memoria.femz.es\/index.php\/wp-json\/wp\/v2\/pages"}],"about":[{"href":"https:\/\/memoria.femz.es\/index.php\/wp-json\/wp\/v2\/types\/page"}],"author":[{"embeddable":true,"href":"https:\/\/memoria.femz.es\/index.php\/wp-json\/wp\/v2\/users\/2"}],"replies":[{"embeddable":true,"href":"https:\/\/memoria.femz.es\/index.php\/wp-json\/wp\/v2\/comments?post=1089"}],"version-history":[{"count":6,"href":"https:\/\/memoria.femz.es\/index.php\/wp-json\/wp\/v2\/pages\/1089\/revisions"}],"predecessor-version":[{"id":1257,"href":"https:\/\/memoria.femz.es\/index.php\/wp-json\/wp\/v2\/pages\/1089\/revisions\/1257"}],"wp:attachment":[{"href":"https:\/\/memoria.femz.es\/index.php\/wp-json\/wp\/v2\/media?parent=1089"}],"curies":[{"name":"wp","href":"https:\/\/api.w.org\/{rel}","templated":true}]}}