{"id":1329,"date":"2024-03-14T13:44:33","date_gmt":"2024-03-14T13:44:33","guid":{"rendered":"http:\/\/memoria.femz.es\/?page_id=1329"},"modified":"2024-03-21T12:58:58","modified_gmt":"2024-03-21T12:58:58","slug":"2023-rse","status":"publish","type":"page","link":"https:\/\/memoria.femz.es\/index.php\/2023-rse\/","title":{"rendered":"2023 Nuestros socios"},"content":{"rendered":"<p>[vc_row css_animation=\u00bb\u00bb row_type=\u00bbrow\u00bb use_row_as_full_screen_section=\u00bbno\u00bb type=\u00bbfull_width\u00bb angled_section=\u00bbno\u00bb text_align=\u00bbcenter\u00bb background_image_as_pattern=\u00bbwithout_pattern\u00bb z_index=\u00bb\u00bb][vc_column width=\u00bb1\/6&#8243;][vc_empty_space height=\u00bb15&#8243;][vc_single_image image=\u00bb1288&#8243; img_size=\u00bb\u00bb onclick=\u00bbcustom_link\u00bb qode_css_animation=\u00bb\u00bb link=\u00bbhttps:\/\/memoria.femz.es\/index.php\/2022-2\/\u00bb][\/vc_column][vc_column width=\u00bb1\/6&#8243;][vc_empty_space height=\u00bb30&#8243;]<div class=\"custom_font_holder\" style=\" font-size: 25px; line-height: 26px; font-style: normal; font-weight: 500; color: #e80000; text-decoration: none; text-shadow: 1px 1px 2px rgba(0, 0, 0, 0.4); background-color: rgba(255,255,255,0.47);border: 1px solid #000000; text-align: center;\">\n<p><a href=\"https:\/\/memoria.femz.es\/index.php\/2023-quienes-somos-2\/\">\u00bfQUI\u00c9NES SOMOS?<\/a><\/p>\n<\/div>[\/vc_column][vc_column width=\u00bb1\/6&#8243;][vc_empty_space height=\u00bb30&#8243;]<div class=\"custom_font_holder\" style=\" font-size: 25px; line-height: 26px; font-style: normal; font-weight: 500; color: #e80000; text-decoration: none; text-shadow: 1px 1px 2px rgba(0, 0, 0, 0.4); background-color: rgba(255,255,255,0.47);border: 1px solid #000000; text-align: center;\">\n<p><a href=\"https:\/\/memoria.femz.es\/index.php\/2023-que-hacemos\/\">\u00bfQU\u00c9 HACEMOS?<\/a><\/p>\n<\/div>[\/vc_column][vc_column width=\u00bb1\/6&#8243;][vc_empty_space height=\u00bb30&#8243;]<div class=\"custom_font_holder\" style=\" font-size: 25px; line-height: 26px; font-style: normal; font-weight: 500; color: #e80000; text-decoration: none; text-shadow: 1px 1px 2px rgba(0, 0, 0, 0.4); background-color: rgba(255,255,255,0.47);border: 1px solid #000000; text-align: center;\">\n<p><a href=\"https:\/\/memoria.femz.es\/index.php\/2023-que-hacemos-2\/\">\u00bfQU\u00c9 OFRECEMOS?<\/a><\/p>\n<\/div>[\/vc_column][vc_column width=\u00bb1\/6&#8243;][vc_empty_space height=\u00bb30&#8243;]<div class=\"custom_font_holder\" style=\" font-size: 25px; line-height: 26px; font-style: normal; font-weight: 500; color: #e80000; text-decoration: none; text-shadow: 1px 1px 2px rgba(0, 0, 0, 0.4); background-color: rgba(255,255,255,0.47);border: 1px solid #000000; text-align: center;\">\n<p><a href=\"https:\/\/memoria.femz.es\/index.php\/2023-rse-2\/\">RSE<\/a><\/p>\n<\/div>[\/vc_column][vc_column width=\u00bb1\/6&#8243;][vc_empty_space height=\u00bb30&#8243;]<div class=\"custom_font_holder\" style=\" font-size: 25px; line-height: 26px; font-style: normal; font-weight: 500; color: #e80000; text-decoration: none; text-shadow: 1px 1px 2px rgba(0, 0, 0, 0.4); background-color: rgba(255,255,255,0.47);border: 1px solid #000000; text-align: center;\">\n<p><a href=\"https:\/\/memoria.femz.es\/index.php\/2023-rse\/\">NUESTROS SOCIOS<\/a><\/p>\n<\/div>[\/vc_column][\/vc_row][vc_row css_animation=\u00bb\u00bb row_type=\u00bbrow\u00bb use_row_as_full_screen_section=\u00bbno\u00bb type=\u00bbfull_width\u00bb angled_section=\u00bbno\u00bb text_align=\u00bbleft\u00bb background_image_as_pattern=\u00bbwithout_pattern\u00bb][vc_column][vc_empty_space height=\u00bb32&#8243;][\/vc_column][\/vc_row][vc_row css_animation=\u00bb\u00bb row_type=\u00bbrow\u00bb use_row_as_full_screen_section=\u00bbno\u00bb type=\u00bbfull_width\u00bb angled_section=\u00bbno\u00bb text_align=\u00bbleft\u00bb video=\u00bbshow_video\u00bb video_mp4=\u00bbhttps:\/\/memoria.femz.es\/wp-content\/uploads\/2024\/FEMZ_Networking.mp4&#8243; background_image_as_pattern=\u00bbwithout_pattern\u00bb z_index=\u00bb\u00bb][vc_column][vc_empty_space height=\u00bb500&#8243;][\/vc_column][\/vc_row][vc_row css_animation=\u00bb\u00bb row_type=\u00bbrow\u00bb use_row_as_full_screen_section=\u00bbno\u00bb type=\u00bbfull_width\u00bb angled_section=\u00bbno\u00bb text_align=\u00bbleft\u00bb background_image_as_pattern=\u00bbwithout_pattern\u00bb][vc_column][vc_empty_space height=\u00bb50&#8243;]<div class=\"custom_font_holder\" style=\" font-size: 50px; line-height: 26px; font-style: normal; font-weight: 800; color: #000000; text-decoration: none; text-align: center;\">\n<p><span style=\"color: #e80000;\">N<\/span>etworking<\/p>\n<\/div>[vc_empty_space height=\u00bb50&#8243;][\/vc_column][\/vc_row][vc_row css_animation=\u00bb\u00bb row_type=\u00bbrow\u00bb use_row_as_full_screen_section=\u00bbno\u00bb type=\u00bbgrid\u00bb angled_section=\u00bbno\u00bb text_align=\u00bbleft\u00bb background_image_as_pattern=\u00bbwithout_pattern\u00bb z_index=\u00bb\u00bb][vc_column][vc_column_text]<\/p>\n<div class=\"wpb_text_column wpb_content_element \">\n<div class=\"wpb_wrapper\">\n<p>Desde FEMZ consideramos clave la colaboraci\u00f3n entre las empresas que forman parte del sector metal para mejorar su competitividad. Por eso, en 2023 FEMZ puso en marcha siete Comisiones de Trabajo.<\/p>\n<p>&nbsp;<\/p>\n<p>Esta propuesta innovadora nace del objetivo fundacional de defender los intereses de las empresas del sector que representa y prestarles servicios que les aporten un valor a\u00f1adido. Su creaci\u00f3n sirve, tambi\u00e9n, para incrementar la participaci\u00f3n de las empresas asociadas en la toma de decisiones.<\/p>\n<p>&nbsp;<\/p>\n<p>Su labor se centra en realizar una adecuada labor de interlocuci\u00f3n y representaci\u00f3n frente a los diferentes agentes sociales y pol\u00edticos; coordinar la ejecuci\u00f3n y participaci\u00f3n de las empresas asociadas en proyectos de inter\u00e9s, y dise\u00f1ar servicios adecuados a las necesidades reales de los asociados.<\/p>\n<p>&nbsp;<\/p>\n<\/div>\n<p><strong>Diego Alierta<\/strong>, director gerente en UMEC, es la cara visible de la comisi\u00f3n de Industria, Competitividad y Movilidad;\u00a0<strong>Jos\u00e9 Luis Lapetra<\/strong>, director de Log\u00edstica RRHH y Control de Gesti\u00f3n de COFERDROZA, es el encargado de liderar la comisi\u00f3n de Comercio y Log\u00edstica;\u00a0<strong>Antonio Garc\u00eda Garc\u00eda<\/strong>, presidente de la Asociaci\u00f3n de Empresas de Ascensores de Arag\u00f3n por MAGAIZ, dirige la comisi\u00f3n de Instalaciones y Servicios.<\/p>\n<p>&nbsp;<\/p>\n<p>La Comisi\u00f3n de Relaciones Laborales queda en manos de\u00a0<strong>Inmaculada Avellaneda Mart\u00ednez<\/strong>, directora de RRHH-CERLER Global Electronics; la comisi\u00f3n de Innovaci\u00f3n, Desarrollo y Energ\u00eda queda bajo la responsabilidad de\u00a0<strong>Tom\u00e1s Ramos Sim\u00f3n<\/strong>, Plant Manager de ArcelorMittal Tailored Blanks Zaragoza S.L.; y la comisi\u00f3n de Transici\u00f3n Ecol\u00f3gica la preside\u00a0<strong>Clara Arpa<\/strong>, CEO \u2013 EQUIPOS M\u00d3VILES DE CAMPA\u00d1A ARPA, S.A.<\/p>\n<p>&nbsp;<\/p>\n<p>Tambi\u00e9n se ha creado una comisi\u00f3n de Potenciaci\u00f3n de la presencia de la mujer en el metal que tiene como cabeza visible a\u00a0<strong>Mar Alot<\/strong>, de ALOT METAL, S.L. y a\u00a0<strong>Mar\u00eda Somma<\/strong>, de ESPRINET, S.A. e\u00a0<strong>Inmaculada Avellaneda<\/strong>\u00a0como vicepresidentas.<\/p>\n<\/div>\n<p>[\/vc_column_text][\/vc_column][\/vc_row][vc_row css_animation=\u00bb\u00bb row_type=\u00bbrow\u00bb use_row_as_full_screen_section=\u00bbno\u00bb type=\u00bbfull_width\u00bb angled_section=\u00bbno\u00bb text_align=\u00bbleft\u00bb background_image_as_pattern=\u00bbwithout_pattern\u00bb][vc_column][vc_empty_space][\/vc_column][\/vc_row][vc_row css_animation=\u00bb\u00bb row_type=\u00bbrow\u00bb use_row_as_full_screen_section=\u00bbno\u00bb type=\u00bbgrid\u00bb angled_section=\u00bbno\u00bb text_align=\u00bbleft\u00bb background_image_as_pattern=\u00bbwithout_pattern\u00bb z_index=\u00bb\u00bb][vc_column width=\u00bb1\/3&#8243;][vc_single_image image=\u00bb1439&#8243; img_size=\u00bb400&#215;300&#8243; alignment=\u00bbcenter\u00bb style=\u00bbvc_box_shadow_border\u00bb qode_css_animation=\u00bb\u00bb][\/vc_column][vc_column width=\u00bb1\/3&#8243;][vc_single_image image=\u00bb1440&#8243; img_size=\u00bb400&#215;300&#8243; alignment=\u00bbcenter\u00bb style=\u00bbvc_box_shadow_border\u00bb qode_css_animation=\u00bb\u00bb][\/vc_column][vc_column width=\u00bb1\/3&#8243;][vc_single_image image=\u00bb1442&#8243; img_size=\u00bb400&#215;300&#8243; alignment=\u00bbcenter\u00bb style=\u00bbvc_box_shadow_border\u00bb qode_css_animation=\u00bb\u00bb][\/vc_column][\/vc_row][vc_row css_animation=\u00bb\u00bb row_type=\u00bbrow\u00bb use_row_as_full_screen_section=\u00bbno\u00bb type=\u00bbfull_width\u00bb angled_section=\u00bbno\u00bb text_align=\u00bbleft\u00bb background_image_as_pattern=\u00bbwithout_pattern\u00bb][vc_column][vc_empty_space][\/vc_column][\/vc_row][vc_row css_animation=\u00bb\u00bb row_type=\u00bbrow\u00bb use_row_as_full_screen_section=\u00bbno\u00bb type=\u00bbgrid\u00bb angled_section=\u00bbno\u00bb text_align=\u00bbleft\u00bb background_image_as_pattern=\u00bbwithout_pattern\u00bb z_index=\u00bb\u00bb][vc_column width=\u00bb1\/3&#8243;][vc_single_image image=\u00bb1443&#8243; img_size=\u00bb400&#215;300&#8243; alignment=\u00bbcenter\u00bb style=\u00bbvc_box_shadow_border\u00bb qode_css_animation=\u00bb\u00bb][\/vc_column][vc_column width=\u00bb1\/3&#8243;][vc_single_image image=\u00bb1444&#8243; img_size=\u00bb400&#215;300&#8243; alignment=\u00bbcenter\u00bb style=\u00bbvc_box_shadow_border\u00bb qode_css_animation=\u00bb\u00bb][\/vc_column][vc_column width=\u00bb1\/3&#8243;][vc_single_image image=\u00bb1451&#8243; img_size=\u00bb400&#215;300&#8243; alignment=\u00bbcenter\u00bb style=\u00bbvc_box_shadow_border\u00bb qode_css_animation=\u00bb\u00bb][\/vc_column][\/vc_row][vc_row css_animation=\u00bb\u00bb row_type=\u00bbrow\u00bb use_row_as_full_screen_section=\u00bbno\u00bb type=\u00bbfull_width\u00bb angled_section=\u00bbno\u00bb text_align=\u00bbleft\u00bb background_image_as_pattern=\u00bbwithout_pattern\u00bb][vc_column][vc_empty_space][\/vc_column][\/vc_row][vc_row css_animation=\u00bb\u00bb row_type=\u00bbrow\u00bb use_row_as_full_screen_section=\u00bbno\u00bb type=\u00bbgrid\u00bb angled_section=\u00bbno\u00bb text_align=\u00bbleft\u00bb background_image_as_pattern=\u00bbwithout_pattern\u00bb z_index=\u00bb\u00bb][vc_column width=\u00bb1\/3&#8243;][vc_single_image image=\u00bb1452&#8243; img_size=\u00bb400&#215;300&#8243; alignment=\u00bbcenter\u00bb style=\u00bbvc_box_shadow_border\u00bb qode_css_animation=\u00bb\u00bb][\/vc_column][vc_column width=\u00bb1\/3&#8243;][vc_single_image image=\u00bb1453&#8243; img_size=\u00bb400&#215;300&#8243; alignment=\u00bbcenter\u00bb style=\u00bbvc_box_shadow_border\u00bb qode_css_animation=\u00bb\u00bb][\/vc_column][vc_column width=\u00bb1\/3&#8243;][vc_single_image image=\u00bb1454&#8243; img_size=\u00bb400&#215;300&#8243; alignment=\u00bbcenter\u00bb style=\u00bbvc_box_shadow_border\u00bb qode_css_animation=\u00bb\u00bb][\/vc_column][\/vc_row][vc_row css_animation=\u00bb\u00bb row_type=\u00bbrow\u00bb use_row_as_full_screen_section=\u00bbno\u00bb type=\u00bbfull_width\u00bb angled_section=\u00bbno\u00bb text_align=\u00bbleft\u00bb background_image_as_pattern=\u00bbwithout_pattern\u00bb][vc_column][vc_empty_space][\/vc_column][\/vc_row][vc_row css_animation=\u00bb\u00bb row_type=\u00bbrow\u00bb use_row_as_full_screen_section=\u00bbno\u00bb type=\u00bbgrid\u00bb angled_section=\u00bbno\u00bb text_align=\u00bbleft\u00bb background_image_as_pattern=\u00bbwithout_pattern\u00bb z_index=\u00bb\u00bb][vc_column width=\u00bb1\/3&#8243;][\/vc_column][vc_column width=\u00bb1\/3&#8243;][vc_single_image image=\u00bb1455&#8243; img_size=\u00bb400&#215;300&#8243; alignment=\u00bbcenter\u00bb style=\u00bbvc_box_shadow_border\u00bb qode_css_animation=\u00bb\u00bb][\/vc_column][vc_column width=\u00bb1\/3&#8243;][\/vc_column][\/vc_row][vc_row css_animation=\u00bb\u00bb row_type=\u00bbrow\u00bb use_row_as_full_screen_section=\u00bbno\u00bb type=\u00bbfull_width\u00bb angled_section=\u00bbno\u00bb text_align=\u00bbleft\u00bb background_image_as_pattern=\u00bbwithout_pattern\u00bb][vc_column][vc_empty_space height=\u00bb64&#8243;][\/vc_column][\/vc_row][vc_row css_animation=\u00bb\u00bb row_type=\u00bbrow\u00bb use_row_as_full_screen_section=\u00bbno\u00bb type=\u00bbfull_width\u00bb angled_section=\u00bbno\u00bb text_align=\u00bbleft\u00bb background_image_as_pattern=\u00bbwithout_pattern\u00bb][vc_column][vc_empty_space height=\u00bb50&#8243;]<div class=\"custom_font_holder\" style=\" font-size: 50px; line-height: 26px; font-style: normal; font-weight: 800; color: #000000; text-decoration: none; text-align: center;\">\n<p><span style=\"color: #e80000;\">C<\/span>onociendo a nuestras empresas<\/p>\n<\/div>[vc_empty_space height=\u00bb50&#8243;][\/vc_column][\/vc_row][vc_row css_animation=\u00bb\u00bb row_type=\u00bbrow\u00bb use_row_as_full_screen_section=\u00bbno\u00bb type=\u00bbgrid\u00bb angled_section=\u00bbno\u00bb text_align=\u00bbleft\u00bb background_image_as_pattern=\u00bbwithout_pattern\u00bb z_index=\u00bb\u00bb][vc_column][vc_column_text]<\/p>\n<div class=\"wpb_text_column wpb_content_element \">\n<div class=\"wpb_wrapper\">\n<p>En FEMZ creemos que la mejor manera de defender los intereses de nuestro sector es conociendo de primera mano a nuestras empresas asociadas y sus problemas. Por eso, a lo largo de 2023 hemos continuado visitando a diversas empresas.<\/p>\n<\/div>\n<\/div>\n<p>[\/vc_column_text][\/vc_column][\/vc_row][vc_row css_animation=\u00bb\u00bb row_type=\u00bbrow\u00bb use_row_as_full_screen_section=\u00bbno\u00bb type=\u00bbfull_width\u00bb angled_section=\u00bbno\u00bb text_align=\u00bbleft\u00bb background_image_as_pattern=\u00bbwithout_pattern\u00bb][vc_column][vc_empty_space][\/vc_column][\/vc_row][vc_row css_animation=\u00bb\u00bb row_type=\u00bbrow\u00bb use_row_as_full_screen_section=\u00bbno\u00bb type=\u00bbgrid\u00bb angled_section=\u00bbno\u00bb text_align=\u00bbleft\u00bb background_image_as_pattern=\u00bbwithout_pattern\u00bb z_index=\u00bb\u00bb][vc_column width=\u00bb1\/3&#8243;][vc_single_image image=\u00bb1457&#8243; img_size=\u00bb400&#215;300&#8243; alignment=\u00bbcenter\u00bb style=\u00bbvc_box_shadow_border\u00bb qode_css_animation=\u00bb\u00bb][\/vc_column][vc_column width=\u00bb1\/3&#8243;][vc_single_image image=\u00bb1458&#8243; img_size=\u00bb400&#215;300&#8243; alignment=\u00bbcenter\u00bb style=\u00bbvc_box_shadow_border\u00bb qode_css_animation=\u00bb\u00bb][\/vc_column][vc_column width=\u00bb1\/3&#8243;][vc_single_image image=\u00bb1459&#8243; img_size=\u00bb400&#215;300&#8243; alignment=\u00bbcenter\u00bb style=\u00bbvc_box_shadow_border\u00bb qode_css_animation=\u00bb\u00bb][\/vc_column][\/vc_row][vc_row css_animation=\u00bb\u00bb row_type=\u00bbrow\u00bb use_row_as_full_screen_section=\u00bbno\u00bb type=\u00bbfull_width\u00bb angled_section=\u00bbno\u00bb text_align=\u00bbleft\u00bb background_image_as_pattern=\u00bbwithout_pattern\u00bb][vc_column][vc_empty_space][\/vc_column][\/vc_row][vc_row css_animation=\u00bb\u00bb row_type=\u00bbrow\u00bb use_row_as_full_screen_section=\u00bbno\u00bb type=\u00bbgrid\u00bb angled_section=\u00bbno\u00bb text_align=\u00bbleft\u00bb background_image_as_pattern=\u00bbwithout_pattern\u00bb z_index=\u00bb\u00bb][vc_column width=\u00bb1\/3&#8243;][vc_single_image image=\u00bb1461&#8243; img_size=\u00bb400&#215;300&#8243; alignment=\u00bbcenter\u00bb style=\u00bbvc_box_shadow_border\u00bb qode_css_animation=\u00bb\u00bb][\/vc_column][vc_column width=\u00bb1\/3&#8243;][vc_single_image image=\u00bb1462&#8243; img_size=\u00bb400&#215;300&#8243; alignment=\u00bbcenter\u00bb style=\u00bbvc_box_shadow_border\u00bb qode_css_animation=\u00bb\u00bb][\/vc_column][vc_column width=\u00bb1\/3&#8243;][vc_single_image image=\u00bb1463&#8243; img_size=\u00bb400&#215;300&#8243; alignment=\u00bbcenter\u00bb style=\u00bbvc_box_shadow_border\u00bb qode_css_animation=\u00bb\u00bb][\/vc_column][\/vc_row][vc_row css_animation=\u00bb\u00bb row_type=\u00bbrow\u00bb use_row_as_full_screen_section=\u00bbno\u00bb type=\u00bbfull_width\u00bb angled_section=\u00bbno\u00bb text_align=\u00bbleft\u00bb background_image_as_pattern=\u00bbwithout_pattern\u00bb][vc_column][vc_empty_space][\/vc_column][\/vc_row][vc_row css_animation=\u00bb\u00bb row_type=\u00bbrow\u00bb use_row_as_full_screen_section=\u00bbno\u00bb type=\u00bbgrid\u00bb angled_section=\u00bbno\u00bb text_align=\u00bbleft\u00bb background_image_as_pattern=\u00bbwithout_pattern\u00bb z_index=\u00bb\u00bb][vc_column width=\u00bb1\/3&#8243;][vc_single_image image=\u00bb1464&#8243; img_size=\u00bb400&#215;300&#8243; alignment=\u00bbcenter\u00bb style=\u00bbvc_box_shadow_border\u00bb qode_css_animation=\u00bb\u00bb][\/vc_column][vc_column width=\u00bb1\/3&#8243;][vc_single_image image=\u00bb1465&#8243; img_size=\u00bb400&#215;300&#8243; alignment=\u00bbcenter\u00bb style=\u00bbvc_box_shadow_border\u00bb qode_css_animation=\u00bb\u00bb][\/vc_column][vc_column width=\u00bb1\/3&#8243;][vc_single_image image=\u00bb1466&#8243; img_size=\u00bb400&#215;300&#8243; alignment=\u00bbcenter\u00bb style=\u00bbvc_box_shadow_border\u00bb qode_css_animation=\u00bb\u00bb][\/vc_column][\/vc_row][vc_row css_animation=\u00bb\u00bb row_type=\u00bbrow\u00bb use_row_as_full_screen_section=\u00bbno\u00bb type=\u00bbfull_width\u00bb angled_section=\u00bbno\u00bb text_align=\u00bbleft\u00bb background_image_as_pattern=\u00bbwithout_pattern\u00bb][vc_column][vc_empty_space][\/vc_column][\/vc_row][vc_row css_animation=\u00bb\u00bb row_type=\u00bbrow\u00bb use_row_as_full_screen_section=\u00bbno\u00bb type=\u00bbgrid\u00bb angled_section=\u00bbno\u00bb text_align=\u00bbleft\u00bb background_image_as_pattern=\u00bbwithout_pattern\u00bb z_index=\u00bb\u00bb][vc_column width=\u00bb1\/3&#8243;][vc_single_image image=\u00bb1467&#8243; img_size=\u00bb400&#215;300&#8243; alignment=\u00bbcenter\u00bb style=\u00bbvc_box_shadow_border\u00bb qode_css_animation=\u00bb\u00bb][\/vc_column][vc_column width=\u00bb1\/3&#8243;][vc_single_image image=\u00bb1468&#8243; img_size=\u00bb400&#215;300&#8243; alignment=\u00bbcenter\u00bb style=\u00bbvc_box_shadow_border\u00bb qode_css_animation=\u00bb\u00bb][\/vc_column][vc_column width=\u00bb1\/3&#8243;][vc_single_image image=\u00bb1469&#8243; img_size=\u00bb400&#215;300&#8243; alignment=\u00bbcenter\u00bb style=\u00bbvc_box_shadow_border\u00bb qode_css_animation=\u00bb\u00bb][\/vc_column][\/vc_row][vc_row css_animation=\u00bb\u00bb row_type=\u00bbrow\u00bb use_row_as_full_screen_section=\u00bbno\u00bb type=\u00bbfull_width\u00bb angled_section=\u00bbno\u00bb text_align=\u00bbleft\u00bb background_image_as_pattern=\u00bbwithout_pattern\u00bb][vc_column][vc_empty_space][\/vc_column][\/vc_row][vc_row css_animation=\u00bb\u00bb row_type=\u00bbrow\u00bb use_row_as_full_screen_section=\u00bbno\u00bb type=\u00bbgrid\u00bb angled_section=\u00bbno\u00bb text_align=\u00bbleft\u00bb background_image_as_pattern=\u00bbwithout_pattern\u00bb z_index=\u00bb\u00bb][vc_column width=\u00bb1\/3&#8243;][vc_single_image image=\u00bb1470&#8243; img_size=\u00bb400&#215;300&#8243; alignment=\u00bbcenter\u00bb style=\u00bbvc_box_shadow_border\u00bb qode_css_animation=\u00bb\u00bb][\/vc_column][vc_column width=\u00bb1\/3&#8243;][vc_single_image image=\u00bb1471&#8243; img_size=\u00bb400&#215;300&#8243; alignment=\u00bbcenter\u00bb style=\u00bbvc_box_shadow_border\u00bb qode_css_animation=\u00bb\u00bb][\/vc_column][vc_column width=\u00bb1\/3&#8243;][vc_single_image image=\u00bb1472&#8243; img_size=\u00bb400&#215;300&#8243; alignment=\u00bbcenter\u00bb style=\u00bbvc_box_shadow_border\u00bb qode_css_animation=\u00bb\u00bb][\/vc_column][\/vc_row][vc_row css_animation=\u00bb\u00bb row_type=\u00bbrow\u00bb use_row_as_full_screen_section=\u00bbno\u00bb type=\u00bbfull_width\u00bb angled_section=\u00bbno\u00bb text_align=\u00bbleft\u00bb background_image_as_pattern=\u00bbwithout_pattern\u00bb][vc_column][vc_empty_space][\/vc_column][\/vc_row][vc_row css_animation=\u00bb\u00bb row_type=\u00bbrow\u00bb use_row_as_full_screen_section=\u00bbno\u00bb type=\u00bbgrid\u00bb angled_section=\u00bbno\u00bb text_align=\u00bbleft\u00bb background_image_as_pattern=\u00bbwithout_pattern\u00bb z_index=\u00bb\u00bb][vc_column width=\u00bb1\/3&#8243;][vc_single_image image=\u00bb1474&#8243; img_size=\u00bb400&#215;300&#8243; alignment=\u00bbcenter\u00bb style=\u00bbvc_box_shadow_border\u00bb qode_css_animation=\u00bb\u00bb][\/vc_column][vc_column width=\u00bb1\/3&#8243;][vc_single_image image=\u00bb1475&#8243; img_size=\u00bb400&#215;300&#8243; alignment=\u00bbcenter\u00bb style=\u00bbvc_box_shadow_border\u00bb qode_css_animation=\u00bb\u00bb][\/vc_column][vc_column width=\u00bb1\/3&#8243;][vc_single_image image=\u00bb1476&#8243; img_size=\u00bb400&#215;300&#8243; alignment=\u00bbcenter\u00bb style=\u00bbvc_box_shadow_border\u00bb qode_css_animation=\u00bb\u00bb][\/vc_column][\/vc_row][vc_row css_animation=\u00bb\u00bb row_type=\u00bbrow\u00bb use_row_as_full_screen_section=\u00bbno\u00bb type=\u00bbfull_width\u00bb angled_section=\u00bbno\u00bb text_align=\u00bbleft\u00bb background_image_as_pattern=\u00bbwithout_pattern\u00bb][vc_column][vc_empty_space][\/vc_column][\/vc_row][vc_row css_animation=\u00bb\u00bb row_type=\u00bbrow\u00bb use_row_as_full_screen_section=\u00bbno\u00bb type=\u00bbgrid\u00bb angled_section=\u00bbno\u00bb text_align=\u00bbleft\u00bb background_image_as_pattern=\u00bbwithout_pattern\u00bb z_index=\u00bb\u00bb][vc_column width=\u00bb1\/3&#8243;][vc_single_image image=\u00bb1477&#8243; img_size=\u00bb400&#215;300&#8243; alignment=\u00bbcenter\u00bb style=\u00bbvc_box_shadow_border\u00bb qode_css_animation=\u00bb\u00bb][\/vc_column][vc_column width=\u00bb1\/3&#8243;][vc_single_image image=\u00bb1478&#8243; img_size=\u00bb400&#215;300&#8243; alignment=\u00bbcenter\u00bb style=\u00bbvc_box_shadow_border\u00bb qode_css_animation=\u00bb\u00bb][\/vc_column][vc_column width=\u00bb1\/3&#8243;][\/vc_column][\/vc_row][vc_row css_animation=\u00bb\u00bb row_type=\u00bbrow\u00bb use_row_as_full_screen_section=\u00bbno\u00bb type=\u00bbfull_width\u00bb angled_section=\u00bbno\u00bb text_align=\u00bbleft\u00bb background_image_as_pattern=\u00bbwithout_pattern\u00bb][vc_column][vc_empty_space height=\u00bb64&#8243;][\/vc_column][\/vc_row]<\/p>\n","protected":false},"excerpt":{"rendered":"<p>[vc_row css_animation=\u00bb\u00bb row_type=\u00bbrow\u00bb use_row_as_full_screen_section=\u00bbno\u00bb type=\u00bbfull_width\u00bb angled_section=\u00bbno\u00bb text_align=\u00bbcenter\u00bb background_image_as_pattern=\u00bbwithout_pattern\u00bb z_index=\u00bb\u00bb][vc_column width=\u00bb1\/6&#8243;][vc_empty_space height=\u00bb15&#8243;][vc_single_image image=\u00bb1288&#8243; img_size=\u00bb\u00bb onclick=\u00bbcustom_link\u00bb qode_css_animation=\u00bb\u00bb link=\u00bbhttps:\/\/memoria.femz.es\/index.php\/2022-2\/\u00bb][\/vc_column][vc_column width=\u00bb1\/6&#8243;][vc_empty_space height=\u00bb30&#8243;][\/vc_column][vc_column width=\u00bb1\/6&#8243;][vc_empty_space height=\u00bb30&#8243;][\/vc_column][vc_column width=\u00bb1\/6&#8243;][vc_empty_space height=\u00bb30&#8243;][\/vc_column][vc_column width=\u00bb1\/6&#8243;][vc_empty_space height=\u00bb30&#8243;][\/vc_column][vc_column width=\u00bb1\/6&#8243;][vc_empty_space height=\u00bb30&#8243;][\/vc_column][\/vc_row][vc_row css_animation=\u00bb\u00bb row_type=\u00bbrow\u00bb use_row_as_full_screen_section=\u00bbno\u00bb type=\u00bbfull_width\u00bb angled_section=\u00bbno\u00bb text_align=\u00bbleft\u00bb background_image_as_pattern=\u00bbwithout_pattern\u00bb][vc_column][vc_empty_space height=\u00bb32&#8243;][\/vc_column][\/vc_row][vc_row css_animation=\u00bb\u00bb row_type=\u00bbrow\u00bb use_row_as_full_screen_section=\u00bbno\u00bb type=\u00bbfull_width\u00bb angled_section=\u00bbno\u00bb text_align=\u00bbleft\u00bb video=\u00bbshow_video\u00bb video_mp4=\u00bbhttps:\/\/memoria.femz.es\/wp-content\/uploads\/2024\/FEMZ_Networking.mp4&#8243; background_image_as_pattern=\u00bbwithout_pattern\u00bb z_index=\u00bb\u00bb][vc_column][vc_empty_space height=\u00bb500&#8243;][\/vc_column][\/vc_row][vc_row&#8230;<\/p>\n","protected":false},"author":2,"featured_media":0,"parent":0,"menu_order":0,"comment_status":"closed","ping_status":"closed","template":"landing_page.php","meta":{"footnotes":""},"class_list":["post-1329","page","type-page","status-publish","hentry"],"_links":{"self":[{"href":"https:\/\/memoria.femz.es\/index.php\/wp-json\/wp\/v2\/pages\/1329","targetHints":{"allow":["GET"]}}],"collection":[{"href":"https:\/\/memoria.femz.es\/index.php\/wp-json\/wp\/v2\/pages"}],"about":[{"href":"https:\/\/memoria.femz.es\/index.php\/wp-json\/wp\/v2\/types\/page"}],"author":[{"embeddable":true,"href":"https:\/\/memoria.femz.es\/index.php\/wp-json\/wp\/v2\/users\/2"}],"replies":[{"embeddable":true,"href":"https:\/\/memoria.femz.es\/index.php\/wp-json\/wp\/v2\/comments?post=1329"}],"version-history":[{"count":11,"href":"https:\/\/memoria.femz.es\/index.php\/wp-json\/wp\/v2\/pages\/1329\/revisions"}],"predecessor-version":[{"id":1480,"href":"https:\/\/memoria.femz.es\/index.php\/wp-json\/wp\/v2\/pages\/1329\/revisions\/1480"}],"wp:attachment":[{"href":"https:\/\/memoria.femz.es\/index.php\/wp-json\/wp\/v2\/media?parent=1329"}],"curies":[{"name":"wp","href":"https:\/\/api.w.org\/{rel}","templated":true}]}}