{"id":1331,"date":"2024-03-14T13:52:28","date_gmt":"2024-03-14T13:52:28","guid":{"rendered":"http:\/\/memoria.femz.es\/?page_id=1331"},"modified":"2024-03-20T11:57:06","modified_gmt":"2024-03-20T11:57:06","slug":"2023-rse-2","status":"publish","type":"page","link":"https:\/\/memoria.femz.es\/index.php\/2023-rse-2\/","title":{"rendered":"2023 RSE"},"content":{"rendered":"<p>[vc_row css_animation=\u00bb\u00bb row_type=\u00bbrow\u00bb use_row_as_full_screen_section=\u00bbno\u00bb type=\u00bbfull_width\u00bb angled_section=\u00bbno\u00bb text_align=\u00bbcenter\u00bb background_image_as_pattern=\u00bbwithout_pattern\u00bb z_index=\u00bb\u00bb][vc_column width=\u00bb1\/6&#8243;][vc_empty_space height=\u00bb15&#8243;][vc_single_image image=\u00bb1288&#8243; img_size=\u00bb\u00bb onclick=\u00bbcustom_link\u00bb qode_css_animation=\u00bb\u00bb link=\u00bbhttps:\/\/memoria.femz.es\/index.php\/2022-2\/\u00bb][\/vc_column][vc_column width=\u00bb1\/6&#8243;][vc_empty_space height=\u00bb30&#8243;]<div class=\"custom_font_holder\" style=\" font-size: 25px; line-height: 26px; font-style: normal; font-weight: 500; color: #e80000; text-decoration: none; text-shadow: 1px 1px 2px rgba(0, 0, 0, 0.4); background-color: rgba(255,255,255,0.47);border: 1px solid #000000; text-align: center;\">\n<p><a href=\"https:\/\/memoria.femz.es\/index.php\/2023-quienes-somos-2\/\">\u00bfQUI\u00c9NES SOMOS?<\/a><\/p>\n<\/div>[\/vc_column][vc_column width=\u00bb1\/6&#8243;][vc_empty_space height=\u00bb30&#8243;]<div class=\"custom_font_holder\" style=\" font-size: 25px; line-height: 26px; font-style: normal; font-weight: 500; color: #e80000; text-decoration: none; text-shadow: 1px 1px 2px rgba(0, 0, 0, 0.4); background-color: rgba(255,255,255,0.47);border: 1px solid #000000; text-align: center;\">\n<p><a href=\"https:\/\/memoria.femz.es\/index.php\/2023-que-hacemos\/\">\u00bfQU\u00c9 HACEMOS?<\/a><\/p>\n<\/div>[\/vc_column][vc_column width=\u00bb1\/6&#8243;][vc_empty_space height=\u00bb30&#8243;]<div class=\"custom_font_holder\" style=\" font-size: 25px; line-height: 26px; font-style: normal; font-weight: 500; color: #e80000; text-decoration: none; text-shadow: 1px 1px 2px rgba(0, 0, 0, 0.4); background-color: rgba(255,255,255,0.47);border: 1px solid #000000; text-align: center;\">\n<p><a href=\"https:\/\/memoria.femz.es\/index.php\/2023-que-hacemos-2\/\">\u00bfQU\u00c9 OFRECEMOS?<\/a><\/p>\n<\/div>[\/vc_column][vc_column width=\u00bb1\/6&#8243;][vc_empty_space height=\u00bb30&#8243;]<div class=\"custom_font_holder\" style=\" font-size: 25px; line-height: 26px; font-style: normal; font-weight: 500; color: #e80000; text-decoration: none; text-shadow: 1px 1px 2px rgba(0, 0, 0, 0.4); background-color: rgba(255,255,255,0.47);border: 1px solid #000000; text-align: center;\">\n<p><a href=\"https:\/\/memoria.femz.es\/index.php\/2023-rse-2\/\">RSE<\/a><\/p>\n<\/div>[\/vc_column][vc_column width=\u00bb1\/6&#8243;][vc_empty_space height=\u00bb30&#8243;]<div class=\"custom_font_holder\" style=\" font-size: 25px; line-height: 26px; font-style: normal; font-weight: 500; color: #e80000; text-decoration: none; text-shadow: 1px 1px 2px rgba(0, 0, 0, 0.4); background-color: rgba(255,255,255,0.47);border: 1px solid #000000; text-align: center;\">\n<p><a href=\"https:\/\/memoria.femz.es\/index.php\/2023-rse\/\">NUESTROS SOCIOS<\/a><\/p>\n<\/div>[\/vc_column][\/vc_row][vc_row css_animation=\u00bb\u00bb row_type=\u00bbrow\u00bb use_row_as_full_screen_section=\u00bbno\u00bb type=\u00bbfull_width\u00bb angled_section=\u00bbno\u00bb text_align=\u00bbleft\u00bb background_image_as_pattern=\u00bbwithout_pattern\u00bb][vc_column][vc_empty_space height=\u00bb32&#8243;][\/vc_column][\/vc_row][vc_row css_animation=\u00bb\u00bb row_type=\u00bbrow\u00bb use_row_as_full_screen_section=\u00bbno\u00bb type=\u00bbfull_width\u00bb angled_section=\u00bbno\u00bb text_align=\u00bbleft\u00bb video=\u00bbshow_video\u00bb video_mp4=\u00bbhttps:\/\/memoria.femz.es\/wp-content\/uploads\/2024\/CorporativoFemz_v2.mp4&#8243; background_image_as_pattern=\u00bbwithout_pattern\u00bb z_index=\u00bb\u00bb][vc_column][vc_empty_space height=\u00bb500&#8243;][\/vc_column][\/vc_row][vc_row css_animation=\u00bb\u00bb row_type=\u00bbrow\u00bb use_row_as_full_screen_section=\u00bbno\u00bb type=\u00bbfull_width\u00bb angled_section=\u00bbno\u00bb text_align=\u00bbleft\u00bb background_image_as_pattern=\u00bbwithout_pattern\u00bb][vc_column][vc_empty_space height=\u00bb50&#8243;]<div class=\"custom_font_holder\" style=\" font-size: 50px; line-height: 26px; font-style: normal; font-weight: 800; color: #000000; text-decoration: none; text-align: center;\">\n<p><span style=\"color: #e80000;\">R<\/span>SA+<\/p>\n<\/div>[vc_empty_space height=\u00bb50&#8243;][\/vc_column][\/vc_row][vc_row css_animation=\u00bb\u00bb row_type=\u00bbrow\u00bb use_row_as_full_screen_section=\u00bbno\u00bb type=\u00bbgrid\u00bb angled_section=\u00bbno\u00bb text_align=\u00bbleft\u00bb background_image_as_pattern=\u00bbwithout_pattern\u00bb z_index=\u00bb\u00bb][vc_column width=\u00bb1\/2&#8243;][vc_column_text]<\/p>\n<p>El Gobierno de Arag\u00f3n, conjuntamente con CEOE Arag\u00f3n, CEPYME Arag\u00f3n, UGT y CC.OO, tienen en marcha el Plan de Responsabilidad Social de Arag\u00f3n, con el objetivo de que las empresas y los aut\u00f3nomos aragoneses fortalezcan su compromiso con la Responsabilidad Social gracias a su enfoque estrat\u00e9gico sobre las pol\u00edticas, productos, servicios y acciones que generan un impacto social m\u00e1s sostenible y relevante.<\/p>\n<p>&nbsp;<\/p>\n<p>FEMZ se enorgullece de haber renovado en 2023 el Sello RSA+ para 2024, asimismo FEMZ que la reconoce como Entidad Socialmente Responsable y en virtud del mismo se compromete a aplicar de forma voluntaria en su gesti\u00f3n, en su estrategia, y en sus pol\u00edticas y procedimientos, los valores y c\u00f3digos \u00e9ticos de las preocupaciones sociales, laborales, medioambientales y de respeto a los derechos humanos que surgen de la relaci\u00f3n y el di\u00e1logo transparente con sus grupos de inter\u00e9s, responsabiliz\u00e1ndose as\u00ed de las consecuencias y los impactos que derivan de sus acciones.<\/p>\n<p>[\/vc_column_text][\/vc_column][vc_column width=\u00bb1\/2&#8243;][vc_single_image image=\u00bb1434&#8243; img_size=\u00bblarge\u00bb alignment=\u00bbcenter\u00bb style=\u00bbvc_box_shadow_3d\u00bb qode_css_animation=\u00bb\u00bb][\/vc_column][\/vc_row][vc_row css_animation=\u00bb\u00bb row_type=\u00bbrow\u00bb use_row_as_full_screen_section=\u00bbno\u00bb type=\u00bbfull_width\u00bb angled_section=\u00bbno\u00bb text_align=\u00bbleft\u00bb background_image_as_pattern=\u00bbwithout_pattern\u00bb][vc_column][vc_empty_space height=\u00bb64&#8243;][\/vc_column][\/vc_row][vc_row css_animation=\u00bb\u00bb row_type=\u00bbrow\u00bb use_row_as_full_screen_section=\u00bbno\u00bb type=\u00bbfull_width\u00bb angled_section=\u00bbno\u00bb text_align=\u00bbleft\u00bb background_image_as_pattern=\u00bbwithout_pattern\u00bb][vc_column][vc_empty_space height=\u00bb50&#8243;]<div class=\"custom_font_holder\" style=\" font-size: 50px; line-height: 26px; font-style: normal; font-weight: 800; color: #000000; text-decoration: none; text-align: center;\">\n<p><span style=\"color: #e80000;\">P<\/span>acto Mundial<\/p>\n<\/div>[vc_empty_space height=\u00bb50&#8243;][\/vc_column][\/vc_row][vc_row css_animation=\u00bb\u00bb row_type=\u00bbrow\u00bb use_row_as_full_screen_section=\u00bbno\u00bb type=\u00bbgrid\u00bb angled_section=\u00bbno\u00bb text_align=\u00bbleft\u00bb background_image_as_pattern=\u00bbwithout_pattern\u00bb z_index=\u00bb\u00bb][vc_column width=\u00bb1\/2&#8243;][vc_single_image image=\u00bb821&#8243; img_size=\u00bbmedium\u00bb alignment=\u00bbcenter\u00bb qode_css_animation=\u00bb\u00bb][\/vc_column][vc_column width=\u00bb1\/2&#8243;][vc_column_text]<\/p>\n<p>FEMZ es Socio Signatory del Pacto Mundial y participa\u00a0activamente para avanzar en sostenibilidad. Asimismo, apoya la Agenda 2030 y los 17 Objetivos de Desarrollo Sostenible.<\/p>\n<p>&nbsp;<\/p>\n<p>Los ODS \u00a0no pueden quedar sobre papel. Las\u00a0<strong>empresas<\/strong>, claves para el desarrollo econ\u00f3mico, han de ser parte activa en la interiorizaci\u00f3n y consecuci\u00f3n de los mismos, por eso la Federaci\u00f3n de Empresarios del Metal de Zaragoza considera fundamental impulsar la Agenda 2030.<\/p>\n<p>&nbsp;<\/p>\n<p>Las empresas del futuro ser\u00e1n valoradas no tan solo por su \u00e9xito empresarial, sino por su contribuci\u00f3n inequ\u00edvoca a un mundo sostenible y\u00a0los\u00a0ODS\u00a0marcan el camino a seguir.<\/p>\n<p>&nbsp;<\/p>\n<p>En este sentido FEMZ mantiene su compromiso habiendo renovado en 2023 su participaci\u00f3n como socios del Pacto Mundial y desarrollando acciones de difusi\u00f3n espec\u00edficas sobre los ODS.<\/p>\n<p>[\/vc_column_text][\/vc_column][\/vc_row][vc_row css_animation=\u00bb\u00bb row_type=\u00bbrow\u00bb use_row_as_full_screen_section=\u00bbno\u00bb type=\u00bbfull_width\u00bb angled_section=\u00bbno\u00bb text_align=\u00bbleft\u00bb background_image_as_pattern=\u00bbwithout_pattern\u00bb][vc_column][vc_empty_space height=\u00bb64&#8243;][\/vc_column][\/vc_row]<\/p>\n","protected":false},"excerpt":{"rendered":"<p>[vc_row css_animation=\u00bb\u00bb row_type=\u00bbrow\u00bb use_row_as_full_screen_section=\u00bbno\u00bb type=\u00bbfull_width\u00bb angled_section=\u00bbno\u00bb text_align=\u00bbcenter\u00bb background_image_as_pattern=\u00bbwithout_pattern\u00bb z_index=\u00bb\u00bb][vc_column width=\u00bb1\/6&#8243;][vc_empty_space height=\u00bb15&#8243;][vc_single_image image=\u00bb1288&#8243; img_size=\u00bb\u00bb onclick=\u00bbcustom_link\u00bb qode_css_animation=\u00bb\u00bb link=\u00bbhttps:\/\/memoria.femz.es\/index.php\/2022-2\/\u00bb][\/vc_column][vc_column width=\u00bb1\/6&#8243;][vc_empty_space height=\u00bb30&#8243;][\/vc_column][vc_column width=\u00bb1\/6&#8243;][vc_empty_space height=\u00bb30&#8243;][\/vc_column][vc_column width=\u00bb1\/6&#8243;][vc_empty_space height=\u00bb30&#8243;][\/vc_column][vc_column width=\u00bb1\/6&#8243;][vc_empty_space height=\u00bb30&#8243;][\/vc_column][vc_column width=\u00bb1\/6&#8243;][vc_empty_space height=\u00bb30&#8243;][\/vc_column][\/vc_row][vc_row css_animation=\u00bb\u00bb row_type=\u00bbrow\u00bb use_row_as_full_screen_section=\u00bbno\u00bb type=\u00bbfull_width\u00bb angled_section=\u00bbno\u00bb text_align=\u00bbleft\u00bb background_image_as_pattern=\u00bbwithout_pattern\u00bb][vc_column][vc_empty_space height=\u00bb32&#8243;][\/vc_column][\/vc_row][vc_row css_animation=\u00bb\u00bb row_type=\u00bbrow\u00bb use_row_as_full_screen_section=\u00bbno\u00bb type=\u00bbfull_width\u00bb angled_section=\u00bbno\u00bb text_align=\u00bbleft\u00bb video=\u00bbshow_video\u00bb video_mp4=\u00bbhttps:\/\/memoria.femz.es\/wp-content\/uploads\/2024\/CorporativoFemz_v2.mp4&#8243; background_image_as_pattern=\u00bbwithout_pattern\u00bb z_index=\u00bb\u00bb][vc_column][vc_empty_space height=\u00bb500&#8243;][\/vc_column][\/vc_row][vc_row&#8230;<\/p>\n","protected":false},"author":2,"featured_media":0,"parent":0,"menu_order":0,"comment_status":"closed","ping_status":"closed","template":"landing_page.php","meta":{"footnotes":""},"class_list":["post-1331","page","type-page","status-publish","hentry"],"_links":{"self":[{"href":"https:\/\/memoria.femz.es\/index.php\/wp-json\/wp\/v2\/pages\/1331","targetHints":{"allow":["GET"]}}],"collection":[{"href":"https:\/\/memoria.femz.es\/index.php\/wp-json\/wp\/v2\/pages"}],"about":[{"href":"https:\/\/memoria.femz.es\/index.php\/wp-json\/wp\/v2\/types\/page"}],"author":[{"embeddable":true,"href":"https:\/\/memoria.femz.es\/index.php\/wp-json\/wp\/v2\/users\/2"}],"replies":[{"embeddable":true,"href":"https:\/\/memoria.femz.es\/index.php\/wp-json\/wp\/v2\/comments?post=1331"}],"version-history":[{"count":6,"href":"https:\/\/memoria.femz.es\/index.php\/wp-json\/wp\/v2\/pages\/1331\/revisions"}],"predecessor-version":[{"id":1438,"href":"https:\/\/memoria.femz.es\/index.php\/wp-json\/wp\/v2\/pages\/1331\/revisions\/1438"}],"wp:attachment":[{"href":"https:\/\/memoria.femz.es\/index.php\/wp-json\/wp\/v2\/media?parent=1331"}],"curies":[{"name":"wp","href":"https:\/\/api.w.org\/{rel}","templated":true}]}}