{"id":1795,"date":"2026-02-11T12:35:59","date_gmt":"2026-02-11T12:35:59","guid":{"rendered":"https:\/\/memoria.femz.es\/?page_id=1795"},"modified":"2026-02-16T14:11:15","modified_gmt":"2026-02-16T14:11:15","slug":"2025-rse","status":"publish","type":"page","link":"https:\/\/memoria.femz.es\/index.php\/2025-rse\/","title":{"rendered":"2025 RSE"},"content":{"rendered":"\t\t<div data-elementor-type=\"wp-page\" data-elementor-id=\"1795\" class=\"elementor elementor-1795\" data-elementor-post-type=\"page\">\n\t\t\t\t<div class=\"elementor-element elementor-element-b49d5cc e-grid e-con-full e-con e-parent\" data-id=\"b49d5cc\" data-element_type=\"container\" data-e-type=\"container\">\n\t\t\t\t<div class=\"elementor-element elementor-element-f378e9c elementor-widget elementor-widget-image\" data-id=\"f378e9c\" data-element_type=\"widget\" data-e-type=\"widget\" data-widget_type=\"image.default\">\n\t\t\t\t\t\t\t\t\t\t\t\t\t\t\t\t<a href=\"https:\/\/memoria.femz.es\/index.php\/2025-2\/\">\n\t\t\t\t\t\t\t<img decoding=\"async\" width=\"300\" height=\"105\" src=\"https:\/\/memoria.femz.es\/wp-content\/uploads\/2024\/02\/femz-id-rgb-color-300x105.png\" class=\"attachment-medium size-medium wp-image-1288\" alt=\"\" srcset=\"https:\/\/memoria.femz.es\/wp-content\/uploads\/2024\/02\/femz-id-rgb-color-300x105.png 300w, https:\/\/memoria.femz.es\/wp-content\/uploads\/2024\/02\/femz-id-rgb-color-768x269.png 768w, https:\/\/memoria.femz.es\/wp-content\/uploads\/2024\/02\/femz-id-rgb-color-1024x359.png 1024w, https:\/\/memoria.femz.es\/wp-content\/uploads\/2024\/02\/femz-id-rgb-color-700x246.png 700w\" sizes=\"(max-width: 300px) 100vw, 300px\" \/>\t\t\t\t\t\t\t\t<\/a>\n\t\t\t\t\t\t\t\t\t\t\t\t\t\t\t<\/div>\n\t\t\t\t<div class=\"elementor-element elementor-element-b50c590 elementor-align-justify elementor-widget elementor-widget-button\" data-id=\"b50c590\" data-element_type=\"widget\" data-e-type=\"widget\" data-widget_type=\"button.default\">\n\t\t\t\t\t\t\t\t\t\t<a class=\"elementor-button elementor-button-link elementor-size-sm\" href=\"https:\/\/memoria.femz.es\/index.php\/2025-quienes-somos\/\">\n\t\t\t\t\t\t<span class=\"elementor-button-content-wrapper\">\n\t\t\t\t\t\t\t\t\t<span class=\"elementor-button-text\">QUI\u00c9NES SOMOS<\/span>\n\t\t\t\t\t<\/span>\n\t\t\t\t\t<\/a>\n\t\t\t\t\t\t\t\t<\/div>\n\t\t\t\t<div class=\"elementor-element elementor-element-90f9223 elementor-align-justify elementor-widget elementor-widget-button\" data-id=\"90f9223\" data-element_type=\"widget\" data-e-type=\"widget\" data-widget_type=\"button.default\">\n\t\t\t\t\t\t\t\t\t\t<a class=\"elementor-button elementor-button-link elementor-size-sm\" href=\"https:\/\/memoria.femz.es\/index.php\/2025-en-imagenes\/\">\n\t\t\t\t\t\t<span class=\"elementor-button-content-wrapper\">\n\t\t\t\t\t\t\t\t\t<span class=\"elementor-button-text\">EL 2025 EN IM\u00c1GENES<\/span>\n\t\t\t\t\t<\/span>\n\t\t\t\t\t<\/a>\n\t\t\t\t\t\t\t\t<\/div>\n\t\t\t\t<div class=\"elementor-element elementor-element-e34fc89 elementor-align-justify elementor-widget elementor-widget-button\" data-id=\"e34fc89\" data-element_type=\"widget\" data-e-type=\"widget\" data-widget_type=\"button.default\">\n\t\t\t\t\t\t\t\t\t\t<a class=\"elementor-button elementor-button-link elementor-size-sm\" href=\"https:\/\/memoria.femz.es\/index.php\/2025-en-datos\/\">\n\t\t\t\t\t\t<span class=\"elementor-button-content-wrapper\">\n\t\t\t\t\t\t\t\t\t<span class=\"elementor-button-text\">EL 2025 EN DATOS<\/span>\n\t\t\t\t\t<\/span>\n\t\t\t\t\t<\/a>\n\t\t\t\t\t\t\t\t<\/div>\n\t\t\t\t<div class=\"elementor-element elementor-element-384bed5 elementor-align-justify elementor-widget elementor-widget-button\" data-id=\"384bed5\" data-element_type=\"widget\" data-e-type=\"widget\" data-widget_type=\"button.default\">\n\t\t\t\t\t\t\t\t\t\t<a class=\"elementor-button elementor-button-link elementor-size-sm\" href=\"https:\/\/memoria.femz.es\/index.php\/2025-rse\/\">\n\t\t\t\t\t\t<span class=\"elementor-button-content-wrapper\">\n\t\t\t\t\t\t\t\t\t<span class=\"elementor-button-text\">RSE<\/span>\n\t\t\t\t\t<\/span>\n\t\t\t\t\t<\/a>\n\t\t\t\t\t\t\t\t<\/div>\n\t\t\t\t<div class=\"elementor-element elementor-element-49d2557 elementor-align-justify elementor-widget elementor-widget-button\" data-id=\"49d2557\" data-element_type=\"widget\" data-e-type=\"widget\" data-widget_type=\"button.default\">\n\t\t\t\t\t\t\t\t\t\t<a class=\"elementor-button elementor-button-link elementor-size-sm\" href=\"https:\/\/memoria.femz.es\/index.php\/2025-nuestros-socios\/\">\n\t\t\t\t\t\t<span class=\"elementor-button-content-wrapper\">\n\t\t\t\t\t\t\t\t\t<span class=\"elementor-button-text\">NUESTROS SOCIOS<\/span>\n\t\t\t\t\t<\/span>\n\t\t\t\t\t<\/a>\n\t\t\t\t\t\t\t\t<\/div>\n\t\t\t\t<\/div>\n\t\t<div class=\"elementor-element elementor-element-13d795f e-con-full e-flex e-con e-parent\" data-id=\"13d795f\" data-element_type=\"container\" data-e-type=\"container\" data-settings=\"{&quot;background_background&quot;:&quot;classic&quot;}\">\n\t\t\t\t<div class=\"elementor-element elementor-element-fbf19ea elementor-widget elementor-widget-spacer\" data-id=\"fbf19ea\" data-element_type=\"widget\" data-e-type=\"widget\" data-widget_type=\"spacer.default\">\n\t\t\t\t\t\t\t<div class=\"elementor-spacer\">\n\t\t\t<div class=\"elementor-spacer-inner\"><\/div>\n\t\t<\/div>\n\t\t\t\t\t\t<\/div>\n\t\t\t\t<div class=\"elementor-element elementor-element-ef897d0 elementor-widget elementor-widget-text-editor\" data-id=\"ef897d0\" data-element_type=\"widget\" data-e-type=\"widget\" data-widget_type=\"text-editor.default\">\n\t\t\t\t\t\t\t\t\t<p><span style=\"color: #e80000;\">R<\/span><span style=\"color: #000000;\">SE<\/span><\/p>\t\t\t\t\t\t\t\t<\/div>\n\t\t\t\t<div class=\"elementor-element elementor-element-b8757a2 elementor-widget elementor-widget-spacer\" data-id=\"b8757a2\" data-element_type=\"widget\" data-e-type=\"widget\" data-widget_type=\"spacer.default\">\n\t\t\t\t\t\t\t<div class=\"elementor-spacer\">\n\t\t\t<div class=\"elementor-spacer-inner\"><\/div>\n\t\t<\/div>\n\t\t\t\t\t\t<\/div>\n\t\t\t\t<\/div>\n\t\t<div class=\"elementor-element elementor-element-d2858ca e-flex e-con-boxed e-con e-parent\" data-id=\"d2858ca\" data-element_type=\"container\" data-e-type=\"container\">\n\t\t\t\t\t<div class=\"e-con-inner\">\n\t\t<div class=\"elementor-element elementor-element-a031e11 e-con-full e-flex e-con e-child\" data-id=\"a031e11\" data-element_type=\"container\" data-e-type=\"container\">\n\t\t\t\t<div class=\"elementor-element elementor-element-526b8af elementor-widget elementor-widget-spacer\" data-id=\"526b8af\" data-element_type=\"widget\" data-e-type=\"widget\" data-widget_type=\"spacer.default\">\n\t\t\t\t\t\t\t<div class=\"elementor-spacer\">\n\t\t\t<div class=\"elementor-spacer-inner\"><\/div>\n\t\t<\/div>\n\t\t\t\t\t\t<\/div>\n\t\t\t\t<div class=\"elementor-element elementor-element-5611b22 elementor-view-default elementor-position-block-start elementor-mobile-position-block-start elementor-widget elementor-widget-icon-box\" data-id=\"5611b22\" data-element_type=\"widget\" data-e-type=\"widget\" data-widget_type=\"icon-box.default\">\n\t\t\t\t\t\t\t<div class=\"elementor-icon-box-wrapper\">\n\n\t\t\t\t\t\t<div class=\"elementor-icon-box-icon\">\n\t\t\t\t<span  class=\"elementor-icon\">\n\t\t\t\t<svg aria-hidden=\"true\" class=\"e-font-icon-svg e-fas-hands\" viewBox=\"0 0 640 512\" xmlns=\"http:\/\/www.w3.org\/2000\/svg\"><path d=\"M204.8 230.4c-10.6-14.1-30.7-17-44.8-6.4-14.1 10.6-17 30.7-6.4 44.8l38.1 50.8c4.8 6.4 4.1 15.3-1.5 20.9l-12.8 12.8c-6.7 6.7-17.6 6.2-23.6-1.1L64 244.4V96c0-17.7-14.3-32-32-32S0 78.3 0 96v218.4c0 10.9 3.7 21.5 10.5 30l104.1 134.3c5 6.5 8.4 13.9 10.4 21.7 1.8 6.9 8.1 11.6 15.3 11.6H272c8.8 0 16-7.2 16-16V384c0-27.7-9-54.6-25.6-76.8l-57.6-76.8zM608 64c-17.7 0-32 14.3-32 32v148.4l-89.8 107.8c-6 7.2-17 7.7-23.6 1.1l-12.8-12.8c-5.6-5.6-6.3-14.5-1.5-20.9l38.1-50.8c10.6-14.1 7.7-34.2-6.4-44.8-14.1-10.6-34.2-7.7-44.8 6.4l-57.6 76.8C361 329.4 352 356.3 352 384v112c0 8.8 7.2 16 16 16h131.7c7.1 0 13.5-4.7 15.3-11.6 2-7.8 5.4-15.2 10.4-21.7l104.1-134.3c6.8-8.5 10.5-19.1 10.5-30V96c0-17.7-14.3-32-32-32z\"><\/path><\/svg>\t\t\t\t<\/span>\n\t\t\t<\/div>\n\t\t\t\n\t\t\t\t\t\t<div class=\"elementor-icon-box-content\">\n\n\t\t\t\t\t\t\t\t\t<h3 class=\"elementor-icon-box-title\">\n\t\t\t\t\t\t<span  >\n\t\t\t\t\t\t\tRSA+\t\t\t\t\t\t<\/span>\n\t\t\t\t\t<\/h3>\n\t\t\t\t\n\t\t\t\t\n\t\t\t<\/div>\n\t\t\t\n\t\t<\/div>\n\t\t\t\t\t\t<\/div>\n\t\t\t\t<div class=\"elementor-element elementor-element-f5c139d elementor-widget elementor-widget-spacer\" data-id=\"f5c139d\" data-element_type=\"widget\" data-e-type=\"widget\" data-widget_type=\"spacer.default\">\n\t\t\t\t\t\t\t<div class=\"elementor-spacer\">\n\t\t\t<div class=\"elementor-spacer-inner\"><\/div>\n\t\t<\/div>\n\t\t\t\t\t\t<\/div>\n\t\t\t\t<\/div>\n\t\t\t\t\t<\/div>\n\t\t\t\t<\/div>\n\t\t<div class=\"elementor-element elementor-element-d389dc3 e-grid e-con-boxed e-con e-parent\" data-id=\"d389dc3\" data-element_type=\"container\" data-e-type=\"container\">\n\t\t\t\t\t<div class=\"e-con-inner\">\n\t\t\t\t<div class=\"elementor-element elementor-element-f38c5f4 elementor-widget elementor-widget-text-editor\" data-id=\"f38c5f4\" data-element_type=\"widget\" data-e-type=\"widget\" data-widget_type=\"text-editor.default\">\n\t\t\t\t\t\t\t\t\t<p>Nuestra organizaci\u00f3n trabaja por influir de manera positiva en nuestro ecosistema, impulsando acciones de responsabilidad Social en diferentes \u00e1mbitos.<\/p><p>\u00a0<\/p><p>FEMZ se enorgullece de haber <strong>renovado en 2025 el Sello RSA+<\/strong>, asimismo FEMZ que la reconoce como Entidad Socialmente Responsable y en virtud del mismo se compromete a aplicar de forma voluntaria en su gesti\u00f3n, en su estrategia, y en sus pol\u00edticas y procedimientos, los valores y c\u00f3digos \u00e9ticos de las preocupaciones sociales, laborales, medioambientales y de respeto a los derechos humanos que surgen de la relaci\u00f3n y el di\u00e1logo transparente con sus grupos de inter\u00e9s, responsabiliz\u00e1ndose as\u00ed de las consecuencias y los impactos que derivan de sus acciones.<\/p>\t\t\t\t\t\t\t\t<\/div>\n\t\t\t\t<div class=\"elementor-element elementor-element-0e0e02b elementor-widget elementor-widget-image\" data-id=\"0e0e02b\" data-element_type=\"widget\" data-e-type=\"widget\" data-widget_type=\"image.default\">\n\t\t\t\t\t\t\t\t\t\t\t\t\t\t\t<img fetchpriority=\"high\" decoding=\"async\" width=\"300\" height=\"300\" src=\"https:\/\/memoria.femz.es\/wp-content\/uploads\/2026\/02\/SELLO-RSA-ENTIDAD-2025-300x300.png\" class=\"attachment-medium size-medium wp-image-1968\" alt=\"\" srcset=\"https:\/\/memoria.femz.es\/wp-content\/uploads\/2026\/02\/SELLO-RSA-ENTIDAD-2025-300x300.png 300w, https:\/\/memoria.femz.es\/wp-content\/uploads\/2026\/02\/SELLO-RSA-ENTIDAD-2025-1024x1024.png 1024w, https:\/\/memoria.femz.es\/wp-content\/uploads\/2026\/02\/SELLO-RSA-ENTIDAD-2025-150x150.png 150w, https:\/\/memoria.femz.es\/wp-content\/uploads\/2026\/02\/SELLO-RSA-ENTIDAD-2025-768x768.png 768w, https:\/\/memoria.femz.es\/wp-content\/uploads\/2026\/02\/SELLO-RSA-ENTIDAD-2025-1536x1536.png 1536w, https:\/\/memoria.femz.es\/wp-content\/uploads\/2026\/02\/SELLO-RSA-ENTIDAD-2025-2048x2048.png 2048w, https:\/\/memoria.femz.es\/wp-content\/uploads\/2026\/02\/SELLO-RSA-ENTIDAD-2025-570x570.png 570w, https:\/\/memoria.femz.es\/wp-content\/uploads\/2026\/02\/SELLO-RSA-ENTIDAD-2025-500x500.png 500w, https:\/\/memoria.femz.es\/wp-content\/uploads\/2026\/02\/SELLO-RSA-ENTIDAD-2025-1000x1000.png 1000w, https:\/\/memoria.femz.es\/wp-content\/uploads\/2026\/02\/SELLO-RSA-ENTIDAD-2025-700x700.png 700w\" sizes=\"(max-width: 300px) 100vw, 300px\" \/>\t\t\t\t\t\t\t\t\t\t\t\t\t\t\t<\/div>\n\t\t\t\t\t<\/div>\n\t\t\t\t<\/div>\n\t\t<div class=\"elementor-element elementor-element-e6529f4 e-flex e-con-boxed e-con e-parent\" data-id=\"e6529f4\" data-element_type=\"container\" data-e-type=\"container\">\n\t\t\t\t\t<div class=\"e-con-inner\">\n\t\t<div class=\"elementor-element elementor-element-26b29f2 e-con-full e-flex e-con e-child\" data-id=\"26b29f2\" data-element_type=\"container\" data-e-type=\"container\">\n\t\t\t\t<div class=\"elementor-element elementor-element-f2ffbca elementor-widget elementor-widget-spacer\" data-id=\"f2ffbca\" data-element_type=\"widget\" data-e-type=\"widget\" data-widget_type=\"spacer.default\">\n\t\t\t\t\t\t\t<div class=\"elementor-spacer\">\n\t\t\t<div class=\"elementor-spacer-inner\"><\/div>\n\t\t<\/div>\n\t\t\t\t\t\t<\/div>\n\t\t\t\t<div class=\"elementor-element elementor-element-78deb6d elementor-view-default elementor-position-block-start elementor-mobile-position-block-start elementor-widget elementor-widget-icon-box\" data-id=\"78deb6d\" data-element_type=\"widget\" data-e-type=\"widget\" data-widget_type=\"icon-box.default\">\n\t\t\t\t\t\t\t<div class=\"elementor-icon-box-wrapper\">\n\n\t\t\t\t\t\t<div class=\"elementor-icon-box-icon\">\n\t\t\t\t<span  class=\"elementor-icon\">\n\t\t\t\t<svg aria-hidden=\"true\" class=\"e-font-icon-svg e-fas-globe-africa\" viewBox=\"0 0 496 512\" xmlns=\"http:\/\/www.w3.org\/2000\/svg\"><path d=\"M248 8C111.03 8 0 119.03 0 256s111.03 248 248 248 248-111.03 248-248S384.97 8 248 8zm160 215.5v6.93c0 5.87-3.32 11.24-8.57 13.86l-15.39 7.7a15.485 15.485 0 0 1-15.53-.97l-18.21-12.14a15.52 15.52 0 0 0-13.5-1.81l-2.65.88c-9.7 3.23-13.66 14.79-7.99 23.3l13.24 19.86c2.87 4.31 7.71 6.9 12.89 6.9h8.21c8.56 0 15.5 6.94 15.5 15.5v11.34c0 3.35-1.09 6.62-3.1 9.3l-18.74 24.98c-1.42 1.9-2.39 4.1-2.83 6.43l-4.3 22.83c-.62 3.29-2.29 6.29-4.76 8.56a159.608 159.608 0 0 0-25 29.16l-13.03 19.55a27.756 27.756 0 0 1-23.09 12.36c-10.51 0-20.12-5.94-24.82-15.34a78.902 78.902 0 0 1-8.33-35.29V367.5c0-8.56-6.94-15.5-15.5-15.5h-25.88c-14.49 0-28.38-5.76-38.63-16a54.659 54.659 0 0 1-16-38.63v-14.06c0-17.19 8.1-33.38 21.85-43.7l27.58-20.69a54.663 54.663 0 0 1 32.78-10.93h.89c8.48 0 16.85 1.97 24.43 5.77l14.72 7.36c3.68 1.84 7.93 2.14 11.83.84l47.31-15.77c6.33-2.11 10.6-8.03 10.6-14.7 0-8.56-6.94-15.5-15.5-15.5h-10.09c-4.11 0-8.05-1.63-10.96-4.54l-6.92-6.92a15.493 15.493 0 0 0-10.96-4.54H199.5c-8.56 0-15.5-6.94-15.5-15.5v-4.4c0-7.11 4.84-13.31 11.74-15.04l14.45-3.61c3.74-.94 7-3.23 9.14-6.44l8.08-12.11c2.87-4.31 7.71-6.9 12.89-6.9h24.21c8.56 0 15.5-6.94 15.5-15.5v-21.7C359.23 71.63 422.86 131.02 441.93 208H423.5c-8.56 0-15.5 6.94-15.5 15.5z\"><\/path><\/svg>\t\t\t\t<\/span>\n\t\t\t<\/div>\n\t\t\t\n\t\t\t\t\t\t<div class=\"elementor-icon-box-content\">\n\n\t\t\t\t\t\t\t\t\t<h3 class=\"elementor-icon-box-title\">\n\t\t\t\t\t\t<span  >\n\t\t\t\t\t\t\tPacto Mundial\t\t\t\t\t\t<\/span>\n\t\t\t\t\t<\/h3>\n\t\t\t\t\n\t\t\t\t\n\t\t\t<\/div>\n\t\t\t\n\t\t<\/div>\n\t\t\t\t\t\t<\/div>\n\t\t\t\t<div class=\"elementor-element elementor-element-d192935 elementor-widget elementor-widget-spacer\" data-id=\"d192935\" data-element_type=\"widget\" data-e-type=\"widget\" data-widget_type=\"spacer.default\">\n\t\t\t\t\t\t\t<div class=\"elementor-spacer\">\n\t\t\t<div class=\"elementor-spacer-inner\"><\/div>\n\t\t<\/div>\n\t\t\t\t\t\t<\/div>\n\t\t\t\t<\/div>\n\t\t\t\t\t<\/div>\n\t\t\t\t<\/div>\n\t\t<div class=\"elementor-element elementor-element-8c8d7e5 e-grid e-con-boxed e-con e-parent\" data-id=\"8c8d7e5\" data-element_type=\"container\" data-e-type=\"container\">\n\t\t\t\t\t<div class=\"e-con-inner\">\n\t\t\t\t<div class=\"elementor-element elementor-element-67aab70 elementor-widget elementor-widget-image\" data-id=\"67aab70\" data-element_type=\"widget\" data-e-type=\"widget\" data-widget_type=\"image.default\">\n\t\t\t\t\t\t\t\t\t\t\t\t\t\t\t<img decoding=\"async\" width=\"300\" height=\"212\" src=\"https:\/\/memoria.femz.es\/wp-content\/uploads\/2021\/03\/S-SDG-Poster-without-UN-emblem_WEB-300x212.png\" class=\"attachment-medium size-medium wp-image-819\" alt=\"\" srcset=\"https:\/\/memoria.femz.es\/wp-content\/uploads\/2021\/03\/S-SDG-Poster-without-UN-emblem_WEB-300x212.png 300w, https:\/\/memoria.femz.es\/wp-content\/uploads\/2021\/03\/S-SDG-Poster-without-UN-emblem_WEB-768x543.png 768w, https:\/\/memoria.femz.es\/wp-content\/uploads\/2021\/03\/S-SDG-Poster-without-UN-emblem_WEB-1024x724.png 1024w, https:\/\/memoria.femz.es\/wp-content\/uploads\/2021\/03\/S-SDG-Poster-without-UN-emblem_WEB-700x495.png 700w\" sizes=\"(max-width: 300px) 100vw, 300px\" \/>\t\t\t\t\t\t\t\t\t\t\t\t\t\t\t<\/div>\n\t\t\t\t<div class=\"elementor-element elementor-element-783a0b0 elementor-widget elementor-widget-text-editor\" data-id=\"783a0b0\" data-element_type=\"widget\" data-e-type=\"widget\" data-widget_type=\"text-editor.default\">\n\t\t\t\t\t\t\t\t\t<p>FEMZ es Socio Signatory del Pacto Mundial y participa activamente para avanzar en sostenibilidad. Asimismo, apoya la Agenda 2030 y los 17 Objetivos de Desarrollo Sostenible. En 2025 renovado nuestra participaci\u00f3n en el Pacto Mundial y mostrando una vez mas nuestro compromiso con los objetivos de desarrollos sostenible.<\/p><p>\u00a0<\/p><p>FEMZ ha participado asimismo en la Asamblea General del Pacto Mundial y ha desarrollado acciones de sensibilizaci\u00f3n sobre los ODS entre sus empresas socias.<\/p><p>\u00a0<\/p><p>Los ODS no pueden quedar sobre papel. Las <strong>empresas<\/strong>, claves para el desarrollo econ\u00f3mico, han de ser parte activa en la interiorizaci\u00f3n y consecuci\u00f3n de los mismos, por eso la Federaci\u00f3n de Empresas del Metal de Zaragoza considera fundamental impulsar la Agenda 2030. Las empresas del futuro ser\u00e1n valoradas no tan solo por su \u00e9xito empresarial, sino por su contribuci\u00f3n inequ\u00edvoca a un mundo sostenible y\u00a0los\u00a0ODS\u00a0marcan el camino a seguir.<\/p><p>\u00a0<\/p><p>En este sentido FEMZ mantiene su compromiso habiendo renovado en 2025 su participaci\u00f3n como socios del Pacto Mundial y desarrollando acciones de difusi\u00f3n espec\u00edficas sobre los ODS:<\/p><ul><li><strong>N\u00ba de acciones de informaci\u00f3n y sensibilizaci\u00f3n sobre los ODS: 237<\/strong><\/li><li><strong>N\u00ba de acciones en colaboraci\u00f3n con entidades sociales: 8<\/strong><\/li><\/ul>\t\t\t\t\t\t\t\t<\/div>\n\t\t\t\t\t<\/div>\n\t\t\t\t<\/div>\n\t\t\t\t<\/div>\n\t\t","protected":false},"excerpt":{"rendered":"<p>QUI\u00c9NES SOMOS EL 2025 EN IM\u00c1GENES EL 2025 EN DATOS RSE NUESTROS SOCIOS RSE RSA+ Nuestra organizaci\u00f3n trabaja por influir de manera positiva en nuestro ecosistema, impulsando acciones de responsabilidad Social en diferentes \u00e1mbitos. \u00a0 FEMZ se enorgullece de haber renovado en 2025 el Sello RSA+, asimismo FEMZ que la reconoce como Entidad Socialmente Responsable [&hellip;]<\/p>\n","protected":false},"author":2,"featured_media":0,"parent":0,"menu_order":0,"comment_status":"closed","ping_status":"closed","template":"elementor_canvas","meta":{"footnotes":""},"class_list":["post-1795","page","type-page","status-publish","hentry"],"_links":{"self":[{"href":"https:\/\/memoria.femz.es\/index.php\/wp-json\/wp\/v2\/pages\/1795","targetHints":{"allow":["GET"]}}],"collection":[{"href":"https:\/\/memoria.femz.es\/index.php\/wp-json\/wp\/v2\/pages"}],"about":[{"href":"https:\/\/memoria.femz.es\/index.php\/wp-json\/wp\/v2\/types\/page"}],"author":[{"embeddable":true,"href":"https:\/\/memoria.femz.es\/index.php\/wp-json\/wp\/v2\/users\/2"}],"replies":[{"embeddable":true,"href":"https:\/\/memoria.femz.es\/index.php\/wp-json\/wp\/v2\/comments?post=1795"}],"version-history":[{"count":9,"href":"https:\/\/memoria.femz.es\/index.php\/wp-json\/wp\/v2\/pages\/1795\/revisions"}],"predecessor-version":[{"id":1971,"href":"https:\/\/memoria.femz.es\/index.php\/wp-json\/wp\/v2\/pages\/1795\/revisions\/1971"}],"wp:attachment":[{"href":"https:\/\/memoria.femz.es\/index.php\/wp-json\/wp\/v2\/media?parent=1795"}],"curies":[{"name":"wp","href":"https:\/\/api.w.org\/{rel}","templated":true}]}}